{"id":2479,"date":"2025-07-09T15:44:46","date_gmt":"2025-07-09T15:44:46","guid":{"rendered":"https:\/\/www.chinajumps.com\/product\/young-horse-stable-mare-stall-door-with-patented-two-finger-lock-hinged-design\/"},"modified":"2025-12-05T07:07:17","modified_gmt":"2025-12-05T07:07:17","slug":"young-horse-stable-mare-stall-door-with-patented-two-finger-lock-hinged-design","status":"publish","type":"product","link":"https:\/\/chinajumps.com\/es\/producto\/young-horse-stable-mare-stall-door-with-patented-two-finger-lock-hinged-design\/","title":{"rendered":"Puerta de establo para yeguas j\u00f3venes con dise\u00f1o patentado de bisagra con cierre de dos dedos"},"content":{"rendered":"<p><strong>Reeds &amp; Cavaletti H-04: Dise\u00f1ado para la durabilidad y la seguridad en la cr\u00eda de caballos.<\/strong><\/p>\n<p>Dise\u00f1ada con materiales de primera calidad, como madera, bamb\u00fa, WPC y un robusto marco de acero, esta puerta para caballos con bisagras ofrece un rendimiento fiable para granjas y entornos comerciales. Su superficie con recubrimiento en polvo o HDG garantiza una protecci\u00f3n duradera contra los elementos.<\/p>\n<p>Fabricada para soportar pesos de hasta 150 kg, la puerta est\u00e1 disponible en varios tama\u00f1os, de 2,5 a 4 m de ancho y 2,2 m de altura, para adaptarse a diversas configuraciones de granero.<\/p>\n<p><strong>Construcci\u00f3n duradera:<\/strong> Marco s\u00f3lido con canal en U resistente para sujetar firmemente las tablas T&amp;G.<\/p>\n<p><strong>La seguridad ante todo:<\/strong> Dise\u00f1o de alto nivel de seguridad para proteger a sus caballos.<\/p>\n<p><strong>Tama\u00f1os vers\u00e1tiles:<\/strong> Disponible en longitudes de 4 a 12 m para adaptarse a sus necesidades espec\u00edficas.<\/p>\n<p><strong>Garant\u00eda de calidad:<\/strong> Incluye un a\u00f1o de garant\u00eda para los componentes principales y un informe de prueba de la maquinaria.<\/p>\n<p><strong>Embalaje profesional:<\/strong> Se entrega con pl\u00e1stico de burbujas y palet para garantizar un transporte seguro.<\/p>","protected":false},"excerpt":{"rendered":"<p>Reeds &amp; Cavaletti H-04: Engineered for durability and safety in horse keeping. Designed with premium materials including wood, bamboo, WPC, and a robust steel frame, this hinged horse gate offers reliable performance for farms and retail environments. Its powder-coated or HDG surface ensures long-lasting protection against the elements. Built to support weights up to 150kg, [&hellip;]<\/p>","protected":false},"featured_media":4242,"template":"","meta":{"site-sidebar-layout":"default","site-content-layout":"","ast-site-content-layout":"default","site-content-style":"default","site-sidebar-style":"default","ast-global-header-display":"","ast-banner-title-visibility":"","ast-main-header-display":"","ast-hfb-above-header-display":"","ast-hfb-below-header-display":"","ast-hfb-mobile-header-display":"","site-post-title":"","ast-breadcrumbs-content":"","ast-featured-img":"","footer-sml-layout":"","theme-transparent-header-meta":"default","adv-header-id-meta":"","stick-header-meta":"","header-above-stick-meta":"","header-main-stick-meta":"","header-below-stick-meta":"","astra-migrate-meta-layouts":"set","ast-page-background-enabled":"default","ast-page-background-meta":{"desktop":{"background-color":"","background-image":"","background-repeat":"repeat","background-position":"center center","background-size":"auto","background-attachment":"scroll","background-type":"","background-media":"","overlay-type":"","overlay-color":"","overlay-opacity":"","overlay-gradient":""},"tablet":{"background-color":"","background-image":"","background-repeat":"repeat","background-position":"center center","background-size":"auto","background-attachment":"scroll","background-type":"","background-media":"","overlay-type":"","overlay-color":"","overlay-opacity":"","overlay-gradient":""},"mobile":{"background-color":"","background-image":"","background-repeat":"repeat","background-position":"center center","background-size":"auto","background-attachment":"scroll","background-type":"","background-media":"","overlay-type":"","overlay-color":"","overlay-opacity":"","overlay-gradient":""}},"ast-content-background-meta":{"desktop":{"background-color":"var(--ast-global-color-5)","background-image":"","background-repeat":"repeat","background-position":"center center","background-size":"auto","background-attachment":"scroll","background-type":"","background-media":"","overlay-type":"","overlay-color":"","overlay-opacity":"","overlay-gradient":""},"tablet":{"background-color":"var(--ast-global-color-5)","background-image":"","background-repeat":"repeat","background-position":"center center","background-size":"auto","background-attachment":"scroll","background-type":"","background-media":"","overlay-type":"","overlay-color":"","overlay-opacity":"","overlay-gradient":""},"mobile":{"background-color":"var(--ast-global-color-5)","background-image":"","background-repeat":"repeat","background-position":"center center","background-size":"auto","background-attachment":"scroll","background-type":"","background-media":"","overlay-type":"","overlay-color":"","overlay-opacity":"","overlay-gradient":""}}},"product_brand":[],"product_cat":[76],"product_tag":[],"class_list":{"0":"post-2479","1":"product","2":"type-product","3":"status-publish","4":"has-post-thumbnail","6":"product_cat-horse-stable","7":"desktop-align-center","8":"tablet-align-left","9":"mobile-align-left","11":"first","12":"instock","13":"shipping-taxable","14":"product-type-external"},"_links":{"self":[{"href":"https:\/\/chinajumps.com\/es\/wp-json\/wp\/v2\/product\/2479","targetHints":{"allow":["GET"]}}],"collection":[{"href":"https:\/\/chinajumps.com\/es\/wp-json\/wp\/v2\/product"}],"about":[{"href":"https:\/\/chinajumps.com\/es\/wp-json\/wp\/v2\/types\/product"}],"wp:featuredmedia":[{"embeddable":true,"href":"https:\/\/chinajumps.com\/es\/wp-json\/wp\/v2\/media\/4242"}],"wp:attachment":[{"href":"https:\/\/chinajumps.com\/es\/wp-json\/wp\/v2\/media?parent=2479"}],"wp:term":[{"taxonomy":"product_brand","embeddable":true,"href":"https:\/\/chinajumps.com\/es\/wp-json\/wp\/v2\/product_brand?post=2479"},{"taxonomy":"product_cat","embeddable":true,"href":"https:\/\/chinajumps.com\/es\/wp-json\/wp\/v2\/product_cat?post=2479"},{"taxonomy":"product_tag","embeddable":true,"href":"https:\/\/chinajumps.com\/es\/wp-json\/wp\/v2\/product_tag?post=2479"}],"curies":[{"name":"wp","href":"https:\/\/api.w.org\/{rel}","templated":true}]}}