{"id":2529,"date":"2025-07-09T15:52:15","date_gmt":"2025-07-09T15:52:15","guid":{"rendered":"https:\/\/www.chinajumps.com\/product\/performance-wing-horse-show-jump-for-competitive-jumping-courses\/"},"modified":"2025-12-11T08:01:46","modified_gmt":"2025-12-11T08:01:46","slug":"show-jumps-obstacle-professional","status":"publish","type":"product","link":"https:\/\/chinajumps.com\/es\/producto\/show-jumps-obstacle-professional\/","title":{"rendered":"Show Jumps Salto de altura ecuestre profesional Obst\u00e1culo con alas de mariposa - Calidad de competici\u00f3n"},"content":{"rendered":"<div class=\"auto-hide-last-sibling-br paragraph-pP9ZLC paragraph-element br-paragraph-space\"><strong>Saltos de obst\u00e1culos: Marcos de aluminio de primera calidad para saltos ecuestres de entrenamiento y competici\u00f3n<\/strong><\/div>\n<div class=\"container-Uxvbjy md-box-line-break wrapper-GYqxgQ undefined\"><\/div>\n<div class=\"auto-hide-last-sibling-br paragraph-pP9ZLC paragraph-element br-paragraph-space\">Cuando se trata de salto de obst\u00e1culos ecuestres, el equipamiento adecuado transforma el rendimiento, y nuestro\u00a0<strong>Mostrar saltos<\/strong>\u00a0est\u00e1n dise\u00f1ados exactamente para eso. Fabricados en aluminio duradero, estos vers\u00e1tiles bastidores de salto equilibran resistencia, ligereza y estilo, lo que los hace ideales tanto para las sesiones de entrenamiento diarias como para las competiciones de alto nivel. Tanto si est\u00e1 equipando un picadero profesional como si est\u00e1 mejorando una cuadra local, nuestros\u00a0<strong>Mostrar saltos<\/strong>\u00a0marcan la pauta en fiabilidad, personalizaci\u00f3n y atractivo visual.<\/div>\n<div class=\"container-Uxvbjy md-box-line-break wrapper-GYqxgQ undefined\"><\/div>\n<div class=\"auto-hide-last-sibling-br paragraph-pP9ZLC paragraph-element br-paragraph-space\">El n\u00facleo de nuestra\u00a0<strong>Mostrar saltos<\/strong>\u00a0es de aluminio de primera calidad, un material elegido por su inmejorable combinaci\u00f3n de durabilidad y portabilidad. A diferencia de las pesadas alternativas de acero, el aluminio\u00a0<strong>Mostrar saltos<\/strong>\u00a0son f\u00e1ciles de mover y reconfigurar, incluso para entrenadores en solitario, a la vez que resisten el \u00f3xido, la deformaci\u00f3n y el desgaste de los elementos exteriores. Cada armaz\u00f3n est\u00e1 dise\u00f1ado para resistir el impacto repetido de caballos y jinetes, manteniendo la integridad estructural durante a\u00f1os de uso, ya sea bajo la lluvia, el sol o a temperaturas extremas. Este dise\u00f1o duradero se traduce en menos sustituciones y menores costes de mantenimiento, lo que hace que nuestro\u00a0<strong>Mostrar saltos<\/strong>\u00a0una inversi\u00f3n inteligente para cualquier instalaci\u00f3n ecuestre.<\/div>\n<div class=\"container-Uxvbjy md-box-line-break wrapper-GYqxgQ undefined\"><\/div>\n<div class=\"auto-hide-last-sibling-br paragraph-pP9ZLC paragraph-element br-paragraph-space\">Lo que realmente marca nuestra\u00a0<strong>Mostrar saltos<\/strong>\u00a0es su inigualable versatilidad. Ofrecemos una amplia gama de estilos predise\u00f1ados que se adaptan a todas las est\u00e9ticas: desde monturas divertidas con tem\u00e1tica animal (como nuestros dise\u00f1os de delfines y mariposas) hasta opciones elegantes y modernas (como los modelos a rayas o con motivos florales). Cada estilo est\u00e1 disponible en colores vibrantes y llamativos que mejoran la visibilidad de caballos y jinetes, reduciendo el riesgo de saltos err\u00f3neos. Para las instalaciones que buscan un aspecto cohesivo o las marcas que desean destacar, tambi\u00e9n ofrecemos la personalizaci\u00f3n completa de nuestros modelos\u00a0<strong>Mostrar saltos<\/strong>Elija entre paletas de colores personalizadas, colocaci\u00f3n de logotipos o incluso dise\u00f1os tem\u00e1ticos \u00fanicos (por ejemplo, motivos espec\u00edficos de un evento) para crear monturas que reflejen su visi\u00f3n. Tanto si prefiere estilos atrevidos y caprichosos como acabados discretos y profesionales, nuestras\u00a0<strong>Mostrar saltos<\/strong>\u00a0puede adaptarse a sus necesidades.<\/div>\n<div class=\"container-Uxvbjy md-box-line-break wrapper-GYqxgQ undefined\"><\/div>\n<div class=\"auto-hide-last-sibling-br paragraph-pP9ZLC paragraph-element br-paragraph-space\">Nuestra\u00a0<strong>Mostrar saltos<\/strong>\u00a0est\u00e1n dise\u00f1ados para rendir en cualquier situaci\u00f3n. Para el entrenamiento diario, su dise\u00f1o ligero permite una configuraci\u00f3n r\u00e1pida de verticales, bueyes o combinaciones complejas, lo que resulta perfecto para perfeccionar la t\u00e9cnica de un caballo o fomentar la confianza de los jinetes j\u00f3venes. Para uso competitivo, cumplen las normas de seguridad y estabilidad que se esperan en los eventos sancionados, con bases resistentes que evitan el vuelco y superficies lisas que minimizan los enganches en los postes de salto. Comb\u00ednelos con nuestras p\u00e9rtigas conformes con la FEI (de madera o PVC) para obtener una configuraci\u00f3n completa y lista para la competici\u00f3n, y conf\u00ede en que su\u00a0<strong>Mostrar saltos<\/strong>\u00a0aguantar\u00e1 la intensidad del d\u00eda del espect\u00e1culo.<\/div>\n<div class=\"container-Uxvbjy md-box-line-break wrapper-GYqxgQ undefined\"><\/div>\n<div class=\"auto-hide-last-sibling-br paragraph-pP9ZLC paragraph-element br-paragraph-space\">La durabilidad y la calidad no son negociables para nuestros\u00a0<strong>Mostrar saltos<\/strong>. Cada marco se somete a rigurosas pruebas para garantizar que cumple nuestros elevados est\u00e1ndares: comprobamos la estabilidad estructural, la integridad del acabado y la distribuci\u00f3n del peso para garantizar un rendimiento uniforme. Los marcos de aluminio se tratan con un revestimiento resistente a los rayos UV para evitar la decoloraci\u00f3n, mientras que todos los componentes (incluidos los herrajes y los elementos decorativos) se aseguran para soportar una manipulaci\u00f3n frecuente. Esta atenci\u00f3n al detalle significa que nuestros\u00a0<strong>Mostrar saltos<\/strong>\u00a0tienen un aspecto tan bueno como su rendimiento, incluso despu\u00e9s de a\u00f1os de uso regular.<\/div>\n<div class=\"container-Uxvbjy md-box-line-break wrapper-GYqxgQ undefined\"><\/div>\n<div class=\"auto-hide-last-sibling-br paragraph-pP9ZLC paragraph-element br-paragraph-space\">Como proveedor l\u00edder de equipamiento ecuestre, somos conscientes de que cada instalaci\u00f3n tiene unas necesidades \u00fanicas.\u00a0<strong>Mostrar saltos<\/strong>\u00a0est\u00e1n dise\u00f1ados para adaptarse. Los establos peque\u00f1os pueden empezar con unas pocas monturas b\u00e1sicas y ampliar su colecci\u00f3n con el tiempo, mientras que los grandes estadios pueden equipar campos enteros con monturas coordinadas y dise\u00f1adas a medida.\u00a0<strong>Mostrar saltos<\/strong>. Nuestro equipo trabaja en estrecha colaboraci\u00f3n con los clientes para convertir las ideas en realidad: tanto si necesita un color espec\u00edfico para la marca de su equipo como un dise\u00f1o \u00fanico para un evento especial, hacemos realidad su visi\u00f3n sin comprometer la calidad ni la funcionalidad.<\/div>\n<div class=\"container-Uxvbjy md-box-line-break wrapper-GYqxgQ undefined\"><\/div>\n<div class=\"auto-hide-last-sibling-br paragraph-pP9ZLC paragraph-element br-paragraph-space\">Desde instalaciones de entrenamiento l\u00fadicas hasta cursos de competici\u00f3n profesionales, nuestros\u00a0<strong>Mostrar saltos<\/strong>\u00a0son la elecci\u00f3n perfecta para los jinetes que exigen lo mejor. Con una construcci\u00f3n de aluminio para una mayor durabilidad, infinitas opciones de personalizaci\u00f3n y estilos que combinan forma y funcionalidad, estas monturas no son solo equipamiento: son una forma de elevar tu pista e inspirar un mejor rendimiento.<\/div>\n<div class=\"container-Uxvbjy md-box-line-break wrapper-GYqxgQ undefined\"><\/div>\n<div class=\"auto-hide-last-sibling-br paragraph-pP9ZLC paragraph-element br-paragraph-space\">\u00bfListo para transformar su espacio de salto? Nuestro\u00a0<strong>Mostrar saltos<\/strong>\u00a0est\u00e1n en stock y listos para su env\u00edo, con dise\u00f1os personalizados disponibles para que su arena sea realmente \u00fanica.<\/div>","protected":false},"excerpt":{"rendered":"<p>Show Jumps: Premium Aluminum Equestrian Jump Frames for Training &amp; Competition When it comes to equestrian show jumping, the right equipment transforms performance\u2014and our\u00a0Show Jumps\u00a0are designed to do exactly that. Crafted from durable aluminum, these versatile jump frames balance strength, lightness, and style, making them ideal for both daily training sessions and high-stakes competitions. Whether [&hellip;]<\/p>","protected":false},"featured_media":4283,"template":"","meta":{"site-sidebar-layout":"default","site-content-layout":"","ast-site-content-layout":"default","site-content-style":"default","site-sidebar-style":"default","ast-global-header-display":"","ast-banner-title-visibility":"","ast-main-header-display":"","ast-hfb-above-header-display":"","ast-hfb-below-header-display":"","ast-hfb-mobile-header-display":"","site-post-title":"","ast-breadcrumbs-content":"","ast-featured-img":"","footer-sml-layout":"","theme-transparent-header-meta":"default","adv-header-id-meta":"","stick-header-meta":"","header-above-stick-meta":"","header-main-stick-meta":"","header-below-stick-meta":"","astra-migrate-meta-layouts":"set","ast-page-background-enabled":"default","ast-page-background-meta":{"desktop":{"background-color":"","background-image":"","background-repeat":"repeat","background-position":"center center","background-size":"auto","background-attachment":"scroll","background-type":"","background-media":"","overlay-type":"","overlay-color":"","overlay-opacity":"","overlay-gradient":""},"tablet":{"background-color":"","background-image":"","background-repeat":"repeat","background-position":"center center","background-size":"auto","background-attachment":"scroll","background-type":"","background-media":"","overlay-type":"","overlay-color":"","overlay-opacity":"","overlay-gradient":""},"mobile":{"background-color":"","background-image":"","background-repeat":"repeat","background-position":"center center","background-size":"auto","background-attachment":"scroll","background-type":"","background-media":"","overlay-type":"","overlay-color":"","overlay-opacity":"","overlay-gradient":""}},"ast-content-background-meta":{"desktop":{"background-color":"var(--ast-global-color-5)","background-image":"","background-repeat":"repeat","background-position":"center center","background-size":"auto","background-attachment":"scroll","background-type":"","background-media":"","overlay-type":"","overlay-color":"","overlay-opacity":"","overlay-gradient":""},"tablet":{"background-color":"var(--ast-global-color-5)","background-image":"","background-repeat":"repeat","background-position":"center center","background-size":"auto","background-attachment":"scroll","background-type":"","background-media":"","overlay-type":"","overlay-color":"","overlay-opacity":"","overlay-gradient":""},"mobile":{"background-color":"var(--ast-global-color-5)","background-image":"","background-repeat":"repeat","background-position":"center center","background-size":"auto","background-attachment":"scroll","background-type":"","background-media":"","overlay-type":"","overlay-color":"","overlay-opacity":"","overlay-gradient":""}}},"product_brand":[],"product_cat":[80],"product_tag":[],"class_list":{"0":"post-2529","1":"product","2":"type-product","3":"status-publish","4":"has-post-thumbnail","6":"product_cat-show-jumps","7":"desktop-align-center","8":"tablet-align-left","9":"mobile-align-left","11":"first","12":"instock","13":"shipping-taxable","14":"product-type-external"},"_links":{"self":[{"href":"https:\/\/chinajumps.com\/es\/wp-json\/wp\/v2\/product\/2529","targetHints":{"allow":["GET"]}}],"collection":[{"href":"https:\/\/chinajumps.com\/es\/wp-json\/wp\/v2\/product"}],"about":[{"href":"https:\/\/chinajumps.com\/es\/wp-json\/wp\/v2\/types\/product"}],"wp:featuredmedia":[{"embeddable":true,"href":"https:\/\/chinajumps.com\/es\/wp-json\/wp\/v2\/media\/4283"}],"wp:attachment":[{"href":"https:\/\/chinajumps.com\/es\/wp-json\/wp\/v2\/media?parent=2529"}],"wp:term":[{"taxonomy":"product_brand","embeddable":true,"href":"https:\/\/chinajumps.com\/es\/wp-json\/wp\/v2\/product_brand?post=2529"},{"taxonomy":"product_cat","embeddable":true,"href":"https:\/\/chinajumps.com\/es\/wp-json\/wp\/v2\/product_cat?post=2529"},{"taxonomy":"product_tag","embeddable":true,"href":"https:\/\/chinajumps.com\/es\/wp-json\/wp\/v2\/product_tag?post=2529"}],"curies":[{"name":"wp","href":"https:\/\/api.w.org\/{rel}","templated":true}]}}