{"id":2536,"date":"2025-07-09T15:53:40","date_gmt":"2025-07-09T15:53:40","guid":{"rendered":"https:\/\/www.chinajumps.com\/product\/portable-steel-horse-stalls-with-roof-durable-luxury-temporary-stable-boxes\/"},"modified":"2025-12-05T07:00:24","modified_gmt":"2025-12-05T07:00:24","slug":"portable-steel-horse-stalls-with-roof-durable-luxury-temporary-stable-boxes","status":"publish","type":"product","link":"https:\/\/chinajumps.com\/es\/producto\/portable-steel-horse-stalls-with-roof-durable-luxury-temporary-stable-boxes\/","title":{"rendered":"Boxes de acero port\u00e1tiles para caballos con techo Boxes temporales de lujo duraderos"},"content":{"rendered":"<p><strong>Serie de toldos Reeds &amp; Cavaletti: Dise\u00f1ado para el alojamiento duradero y seguro de caballos al aire libre.<\/strong><\/p>\n<p>Dise\u00f1ada con marcos de acero HDG de primera calidad y tableros de materiales vers\u00e1tiles como madera, bamb\u00fa y HDPE, esta caja para exteriores ofrece una resistencia y longevidad inigualables. Su acabado con recubrimiento en polvo y galvanizado en caliente garantiza su resistencia a las inclemencias del tiempo y a la corrosi\u00f3n, por lo que es ideal para granjas y comercios.<\/p>\n<p>Construida para cumplir normas de seguridad estrictas, la serie Canopy admite varias opciones de cubiertas, como chapas met\u00e1licas, paneles s\u00e1ndwich aislados o tejas de resina, para adaptarse a sus necesidades espec\u00edficas. Cada unidad se somete a rigurosas pruebas de maquinaria e inspecci\u00f3n por v\u00eddeo para garantizar su calidad y fiabilidad.<\/p>\n<p><strong>Caracter\u00edsticas principales:<\/strong><br \/>\nEstructura robusta con tubos de acero de 50*50*2 mm y fuertes canales en U para una instalaci\u00f3n segura del tablero.<br \/>\nM\u00faltiples opciones de materiales de tableros, como PVC, HDPE, madera, bamb\u00fa y WPC, para una durabilidad personalizable.<br \/>\nSoluciones de cubiertas flexibles adaptadas para proteger contra las inclemencias del tiempo manteniendo la integridad estructural.<br \/>\nGarant\u00eda completa de 1 a\u00f1o que cubre los componentes principales para mayor tranquilidad.<br \/>\nPresencia en salas de exposici\u00f3n de todo el mundo y asistencia en Estados Unidos, Alemania, Australia, Italia y Jap\u00f3n.<\/p>","protected":false},"excerpt":{"rendered":"<p>Reeds &amp; Cavaletti Canopy Series: Engineered for Durable, Safe Outdoor Horse Housing. Designed with premium HDG steel frames and versatile board materials including wood, bamboo, and HDPE, this outdoor box delivers unmatched strength and longevity. Its powder-coated and hot-dip galvanized finish ensures resistance to harsh weather and corrosion, making it ideal for farm and retail [&hellip;]<\/p>","protected":false},"featured_media":4236,"template":"","meta":{"site-sidebar-layout":"default","site-content-layout":"","ast-site-content-layout":"default","site-content-style":"default","site-sidebar-style":"default","ast-global-header-display":"","ast-banner-title-visibility":"","ast-main-header-display":"","ast-hfb-above-header-display":"","ast-hfb-below-header-display":"","ast-hfb-mobile-header-display":"","site-post-title":"","ast-breadcrumbs-content":"","ast-featured-img":"","footer-sml-layout":"","theme-transparent-header-meta":"default","adv-header-id-meta":"","stick-header-meta":"","header-above-stick-meta":"","header-main-stick-meta":"","header-below-stick-meta":"","astra-migrate-meta-layouts":"set","ast-page-background-enabled":"default","ast-page-background-meta":{"desktop":{"background-color":"","background-image":"","background-repeat":"repeat","background-position":"center center","background-size":"auto","background-attachment":"scroll","background-type":"","background-media":"","overlay-type":"","overlay-color":"","overlay-opacity":"","overlay-gradient":""},"tablet":{"background-color":"","background-image":"","background-repeat":"repeat","background-position":"center center","background-size":"auto","background-attachment":"scroll","background-type":"","background-media":"","overlay-type":"","overlay-color":"","overlay-opacity":"","overlay-gradient":""},"mobile":{"background-color":"","background-image":"","background-repeat":"repeat","background-position":"center center","background-size":"auto","background-attachment":"scroll","background-type":"","background-media":"","overlay-type":"","overlay-color":"","overlay-opacity":"","overlay-gradient":""}},"ast-content-background-meta":{"desktop":{"background-color":"var(--ast-global-color-5)","background-image":"","background-repeat":"repeat","background-position":"center center","background-size":"auto","background-attachment":"scroll","background-type":"","background-media":"","overlay-type":"","overlay-color":"","overlay-opacity":"","overlay-gradient":""},"tablet":{"background-color":"var(--ast-global-color-5)","background-image":"","background-repeat":"repeat","background-position":"center center","background-size":"auto","background-attachment":"scroll","background-type":"","background-media":"","overlay-type":"","overlay-color":"","overlay-opacity":"","overlay-gradient":""},"mobile":{"background-color":"var(--ast-global-color-5)","background-image":"","background-repeat":"repeat","background-position":"center center","background-size":"auto","background-attachment":"scroll","background-type":"","background-media":"","overlay-type":"","overlay-color":"","overlay-opacity":"","overlay-gradient":""}}},"product_brand":[],"product_cat":[76],"product_tag":[],"class_list":{"0":"post-2536","1":"product","2":"type-product","3":"status-publish","4":"has-post-thumbnail","6":"product_cat-horse-stable","7":"desktop-align-center","8":"tablet-align-left","9":"mobile-align-left","11":"first","12":"instock","13":"shipping-taxable","14":"product-type-external"},"_links":{"self":[{"href":"https:\/\/chinajumps.com\/es\/wp-json\/wp\/v2\/product\/2536","targetHints":{"allow":["GET"]}}],"collection":[{"href":"https:\/\/chinajumps.com\/es\/wp-json\/wp\/v2\/product"}],"about":[{"href":"https:\/\/chinajumps.com\/es\/wp-json\/wp\/v2\/types\/product"}],"wp:featuredmedia":[{"embeddable":true,"href":"https:\/\/chinajumps.com\/es\/wp-json\/wp\/v2\/media\/4236"}],"wp:attachment":[{"href":"https:\/\/chinajumps.com\/es\/wp-json\/wp\/v2\/media?parent=2536"}],"wp:term":[{"taxonomy":"product_brand","embeddable":true,"href":"https:\/\/chinajumps.com\/es\/wp-json\/wp\/v2\/product_brand?post=2536"},{"taxonomy":"product_cat","embeddable":true,"href":"https:\/\/chinajumps.com\/es\/wp-json\/wp\/v2\/product_cat?post=2536"},{"taxonomy":"product_tag","embeddable":true,"href":"https:\/\/chinajumps.com\/es\/wp-json\/wp\/v2\/product_tag?post=2536"}],"curies":[{"name":"wp","href":"https:\/\/api.w.org\/{rel}","templated":true}]}}