{"id":2578,"date":"2025-07-09T16:11:53","date_gmt":"2025-07-09T16:11:53","guid":{"rendered":"https:\/\/www.chinajumps.com\/product\/ce-certified-750w-motor-horse-walker-for-efficient-equine-exercise\/"},"modified":"2025-07-09T19:29:02","modified_gmt":"2025-07-09T19:29:02","slug":"ce-certified-750w-motor-horse-walker-for-efficient-equine-exercise","status":"publish","type":"product","link":"https:\/\/chinajumps.com\/es\/producto\/ce-certified-750w-motor-horse-walker-for-efficient-equine-exercise\/","title":{"rendered":"Caminador para caballos con motor de 750 W certificado por la CE para un ejercicio equino eficiente"},"content":{"rendered":"<p><strong>Experimente una eficacia y durabilidad inigualables con el caminador para caballos REEDS HW-01 de doble motor.<\/strong><\/p>\n<p>Este equipo de ejercicios ecuestres de primera calidad est\u00e1 dise\u00f1ado para acomodar hasta seis caballos simult\u00e1neamente, optimizando su rutina de entrenamiento con un rendimiento fiable. Construido con un robusto bastidor de 12 metros de di\u00e1metro y un color de carrocer\u00eda personalizable, se integra a la perfecci\u00f3n en cualquier instalaci\u00f3n ecuestre.<\/p>\n<p>Accionado por motores duales de 750 W, el HW-01 garantiza un funcionamiento uniforme y suave, proporcionando un control y una seguridad superiores para sus caballos. Dise\u00f1ado para ser duradero y f\u00e1cil de usar, este andador para caballos es una soluci\u00f3n profesional para el entrenamiento ecuestre.<\/p>\n<p><strong>Caracter\u00edsticas principales:<\/strong><\/p>\n<p>- Permite el ejercicio eficiente de hasta seis caballos a la vez, maximizando la capacidad de entrenamiento.<\/p>\n<p>- Equipado con motores duales de 750 W para un rendimiento potente y fiable.<\/p>\n<p>- Color de la carrocer\u00eda y dise\u00f1o personalizables para adaptarse a la est\u00e9tica de sus instalaciones.<\/p>\n<p>- Construcci\u00f3n duradera con un armaz\u00f3n de 12 metros de di\u00e1metro para un amplio espacio.<\/p>\n<p>- Equipos de calidad profesional dise\u00f1ados para ofrecer una seguridad y facilidad de uso \u00f3ptimas.<\/p>","protected":false},"excerpt":{"rendered":"<p>Experience unmatched efficiency and durability with the REEDS HW-01 Dual-Motor Horse Walker. This premium horse exercise equipment is designed to accommodate up to six horses simultaneously, optimizing your training routine with reliable performance. Built with a robust 12-meter diameter frame and customizable body color, it integrates seamlessly into any equestrian facility. Powered by dual 750W [&hellip;]<\/p>","protected":false},"featured_media":2577,"template":"","meta":{"site-sidebar-layout":"default","site-content-layout":"","ast-site-content-layout":"","site-content-style":"default","site-sidebar-style":"default","ast-global-header-display":"","ast-banner-title-visibility":"","ast-main-header-display":"","ast-hfb-above-header-display":"","ast-hfb-below-header-display":"","ast-hfb-mobile-header-display":"","site-post-title":"","ast-breadcrumbs-content":"","ast-featured-img":"","footer-sml-layout":"","theme-transparent-header-meta":"","adv-header-id-meta":"","stick-header-meta":"","header-above-stick-meta":"","header-main-stick-meta":"","header-below-stick-meta":"","astra-migrate-meta-layouts":"default","ast-page-background-enabled":"default","ast-page-background-meta":{"desktop":{"background-color":"","background-image":"","background-repeat":"repeat","background-position":"center center","background-size":"auto","background-attachment":"scroll","background-type":"","background-media":"","overlay-type":"","overlay-color":"","overlay-opacity":"","overlay-gradient":""},"tablet":{"background-color":"","background-image":"","background-repeat":"repeat","background-position":"center center","background-size":"auto","background-attachment":"scroll","background-type":"","background-media":"","overlay-type":"","overlay-color":"","overlay-opacity":"","overlay-gradient":""},"mobile":{"background-color":"","background-image":"","background-repeat":"repeat","background-position":"center center","background-size":"auto","background-attachment":"scroll","background-type":"","background-media":"","overlay-type":"","overlay-color":"","overlay-opacity":"","overlay-gradient":""}},"ast-content-background-meta":{"desktop":{"background-color":"var(--ast-global-color-5)","background-image":"","background-repeat":"repeat","background-position":"center center","background-size":"auto","background-attachment":"scroll","background-type":"","background-media":"","overlay-type":"","overlay-color":"","overlay-opacity":"","overlay-gradient":""},"tablet":{"background-color":"var(--ast-global-color-5)","background-image":"","background-repeat":"repeat","background-position":"center center","background-size":"auto","background-attachment":"scroll","background-type":"","background-media":"","overlay-type":"","overlay-color":"","overlay-opacity":"","overlay-gradient":""},"mobile":{"background-color":"var(--ast-global-color-5)","background-image":"","background-repeat":"repeat","background-position":"center center","background-size":"auto","background-attachment":"scroll","background-type":"","background-media":"","overlay-type":"","overlay-color":"","overlay-opacity":"","overlay-gradient":""}}},"product_brand":[],"product_cat":[75],"product_tag":[],"class_list":{"0":"post-2578","1":"product","2":"type-product","3":"status-publish","4":"has-post-thumbnail","6":"product_cat-horse-walker","7":"desktop-align-center","8":"tablet-align-left","9":"mobile-align-left","11":"first","12":"instock","13":"shipping-taxable","14":"product-type-external"},"_links":{"self":[{"href":"https:\/\/chinajumps.com\/es\/wp-json\/wp\/v2\/product\/2578","targetHints":{"allow":["GET"]}}],"collection":[{"href":"https:\/\/chinajumps.com\/es\/wp-json\/wp\/v2\/product"}],"about":[{"href":"https:\/\/chinajumps.com\/es\/wp-json\/wp\/v2\/types\/product"}],"wp:featuredmedia":[{"embeddable":true,"href":"https:\/\/chinajumps.com\/es\/wp-json\/wp\/v2\/media\/2577"}],"wp:attachment":[{"href":"https:\/\/chinajumps.com\/es\/wp-json\/wp\/v2\/media?parent=2578"}],"wp:term":[{"taxonomy":"product_brand","embeddable":true,"href":"https:\/\/chinajumps.com\/es\/wp-json\/wp\/v2\/product_brand?post=2578"},{"taxonomy":"product_cat","embeddable":true,"href":"https:\/\/chinajumps.com\/es\/wp-json\/wp\/v2\/product_cat?post=2578"},{"taxonomy":"product_tag","embeddable":true,"href":"https:\/\/chinajumps.com\/es\/wp-json\/wp\/v2\/product_tag?post=2578"}],"curies":[{"name":"wp","href":"https:\/\/api.w.org\/{rel}","templated":true}]}}