{"id":2586,"date":"2025-07-09T16:13:07","date_gmt":"2025-07-09T16:13:07","guid":{"rendered":"https:\/\/www.chinajumps.com\/product\/reeds-premium-horse-walking-machine-for-effective-training-and-exercise\/"},"modified":"2025-07-09T19:29:02","modified_gmt":"2025-07-09T19:29:02","slug":"reeds-premium-horse-walking-machine-for-effective-training-and-exercise","status":"publish","type":"product","link":"https:\/\/chinajumps.com\/es\/producto\/reeds-premium-horse-walking-machine-for-effective-training-and-exercise\/","title":{"rendered":"Andador Reeds Premium para entrenar y ejercitar eficazmente al caballo"},"content":{"rendered":"<p><strong>Ca\u00f1as HW-03: La m\u00e1quina definitiva para el entrenamiento de caballos, dise\u00f1ada para ofrecer rendimiento y seguridad.<\/strong><\/p>\n<p>Dise\u00f1ado con precisi\u00f3n y durabilidad, el Reeds HW-03 ofrece capacidades fiables de adiestramiento de caballos respaldadas por una garant\u00eda de 1 a\u00f1o. Fabricada en acero HDG de alta calidad y propulsada por un motor MOTOVARIO, esta m\u00e1quina garantiza un funcionamiento constante con una velocidad m\u00e1xima inferior a 15 km\/h.<\/p>\n<p>Su robusto armaz\u00f3n de 500 kg y su di\u00e1metro de 12 metros proporcionan un amplio espacio y estabilidad para unas sesiones de entrenamiento eficaces. Elija entre un techo de media cubierta o de cubierta completa para adaptarse a su entorno y proteger a sus caballos durante los entrenamientos.<\/p>\n<p><strong>Principales caracter\u00edsticas y ventajas:<\/strong><\/p>\n<p>- Dise\u00f1ado con altos est\u00e1ndares de seguridad para proteger tanto a los caballos como a los cuidadores.<\/p>\n<p>- Equipada con un potente motor MOTOVARIO que funciona a 220 V para un rendimiento eficaz.<\/p>\n<p>- Se suministra con un completo informe de pruebas de la maquinaria y un v\u00eddeo de inspecci\u00f3n de salida para garantizar la calidad.<\/p>\n<p>- Adecuado para diversas industrias, incluidas granjas y tiendas de materiales de construcci\u00f3n, lo que garantiza una aplicaci\u00f3n vers\u00e1til.<\/p>\n<p>- Respaldado por una garant\u00eda de 1 a\u00f1o en los componentes principales, incluido el motor, para mayor tranquilidad.<\/p>","protected":false},"excerpt":{"rendered":"<p>Reeds HW-03: The Ultimate Horse Training Machine Built for Performance and Safety. Designed with precision and durability, the Reeds HW-03 offers reliable horse training capabilities backed by a 1-year warranty. Crafted from high-quality HDG steel and powered by a MOTOVARIO motor, this machine ensures consistent operation with a top speed under 15 km\/h. Its robust [&hellip;]<\/p>","protected":false},"featured_media":2585,"template":"","meta":{"site-sidebar-layout":"default","site-content-layout":"","ast-site-content-layout":"","site-content-style":"default","site-sidebar-style":"default","ast-global-header-display":"","ast-banner-title-visibility":"","ast-main-header-display":"","ast-hfb-above-header-display":"","ast-hfb-below-header-display":"","ast-hfb-mobile-header-display":"","site-post-title":"","ast-breadcrumbs-content":"","ast-featured-img":"","footer-sml-layout":"","theme-transparent-header-meta":"","adv-header-id-meta":"","stick-header-meta":"","header-above-stick-meta":"","header-main-stick-meta":"","header-below-stick-meta":"","astra-migrate-meta-layouts":"default","ast-page-background-enabled":"default","ast-page-background-meta":{"desktop":{"background-color":"","background-image":"","background-repeat":"repeat","background-position":"center center","background-size":"auto","background-attachment":"scroll","background-type":"","background-media":"","overlay-type":"","overlay-color":"","overlay-opacity":"","overlay-gradient":""},"tablet":{"background-color":"","background-image":"","background-repeat":"repeat","background-position":"center center","background-size":"auto","background-attachment":"scroll","background-type":"","background-media":"","overlay-type":"","overlay-color":"","overlay-opacity":"","overlay-gradient":""},"mobile":{"background-color":"","background-image":"","background-repeat":"repeat","background-position":"center center","background-size":"auto","background-attachment":"scroll","background-type":"","background-media":"","overlay-type":"","overlay-color":"","overlay-opacity":"","overlay-gradient":""}},"ast-content-background-meta":{"desktop":{"background-color":"var(--ast-global-color-5)","background-image":"","background-repeat":"repeat","background-position":"center center","background-size":"auto","background-attachment":"scroll","background-type":"","background-media":"","overlay-type":"","overlay-color":"","overlay-opacity":"","overlay-gradient":""},"tablet":{"background-color":"var(--ast-global-color-5)","background-image":"","background-repeat":"repeat","background-position":"center center","background-size":"auto","background-attachment":"scroll","background-type":"","background-media":"","overlay-type":"","overlay-color":"","overlay-opacity":"","overlay-gradient":""},"mobile":{"background-color":"var(--ast-global-color-5)","background-image":"","background-repeat":"repeat","background-position":"center center","background-size":"auto","background-attachment":"scroll","background-type":"","background-media":"","overlay-type":"","overlay-color":"","overlay-opacity":"","overlay-gradient":""}}},"product_brand":[],"product_cat":[75],"product_tag":[],"class_list":{"0":"post-2586","1":"product","2":"type-product","3":"status-publish","4":"has-post-thumbnail","6":"product_cat-horse-walker","7":"desktop-align-center","8":"tablet-align-left","9":"mobile-align-left","11":"first","12":"instock","13":"shipping-taxable","14":"product-type-external"},"_links":{"self":[{"href":"https:\/\/chinajumps.com\/es\/wp-json\/wp\/v2\/product\/2586","targetHints":{"allow":["GET"]}}],"collection":[{"href":"https:\/\/chinajumps.com\/es\/wp-json\/wp\/v2\/product"}],"about":[{"href":"https:\/\/chinajumps.com\/es\/wp-json\/wp\/v2\/types\/product"}],"wp:featuredmedia":[{"embeddable":true,"href":"https:\/\/chinajumps.com\/es\/wp-json\/wp\/v2\/media\/2585"}],"wp:attachment":[{"href":"https:\/\/chinajumps.com\/es\/wp-json\/wp\/v2\/media?parent=2586"}],"wp:term":[{"taxonomy":"product_brand","embeddable":true,"href":"https:\/\/chinajumps.com\/es\/wp-json\/wp\/v2\/product_brand?post=2586"},{"taxonomy":"product_cat","embeddable":true,"href":"https:\/\/chinajumps.com\/es\/wp-json\/wp\/v2\/product_cat?post=2586"},{"taxonomy":"product_tag","embeddable":true,"href":"https:\/\/chinajumps.com\/es\/wp-json\/wp\/v2\/product_tag?post=2586"}],"curies":[{"name":"wp","href":"https:\/\/api.w.org\/{rel}","templated":true}]}}