{"id":2726,"date":"2025-07-09T16:33:54","date_gmt":"2025-07-09T16:33:54","guid":{"rendered":"https:\/\/www.chinajumps.com\/product\/equestrian-training-jump-blocks-lightweight-durable-pvc-material\/"},"modified":"2025-12-15T06:53:11","modified_gmt":"2025-12-15T06:53:11","slug":"premium-pvc-horse-jump-blocks","status":"publish","type":"product","link":"https:\/\/chinajumps.com\/es\/producto\/premium-pvc-horse-jump-blocks\/","title":{"rendered":"Bloques de salto de PVC para caballos Bloques de salto para entrenamiento ecuestre Material ligero y duradero"},"content":{"rendered":"<div data-page-id=\"Mnryf7rwbdnJV6c5aY5cUaPanec\" data-lark-html-role=\"root\" data-docx-has-block-data=\"false\">\n<h1>Visi\u00f3n general<\/h1>\n<div class=\"ace-line ace-line old-record-id-WJwsfx5EYda6yMcFUJrc6rmgnWh\">Cuando se trata del entrenamiento ecuestre, la preparaci\u00f3n de competiciones o incluso las operaciones diarias de academias de equitaci\u00f3n y clubes ecuestres, la calidad y la practicidad del equipo de entrenamiento afectan directamente a la eficacia del entrenamiento, la seguridad de jinetes y caballos y la profesionalidad general del lugar. Los bloques de salto de PVC para caballos RDB01, meticulosamente dise\u00f1ados y fabricados para profesionales de la h\u00edpica, entusiastas e instituciones de formaci\u00f3n, destacan como un elemento innovador en el campo del equipamiento de salto ecuestre. Con unas dimensiones precisas de 61x46x39cm y un dise\u00f1o ligero de 3kg por bloque, este producto equilibra a la perfecci\u00f3n portabilidad, durabilidad y rendimiento, convirti\u00e9ndolo en una elecci\u00f3n indispensable para diversos escenarios ecuestres. Si desea m\u00e1s productos u obtener m\u00e1s informaci\u00f3n, consulte \u00a0<a href=\"https:\/\/chinajumps.com\/es\/\">Aqu\u00ed .<\/a><\/div>\n<div>o <a href=\"https:\/\/chinajumps.com\/es\/about-chinajumps-equestrian-equipment-factory\/\">Este<\/a><\/div>\n<h2>Introducci\u00f3n:<\/h2>\n<div class=\"ace-line ace-line old-record-id-B77OflYYJdGAcAcbHWdcRgiRnef\">En primer lugar, la selecci\u00f3n de materiales de los bloques de salto para caballos RDB01 refleja su compromiso con la calidad y la longevidad. Hecho de material de PVC de primera calidad, este bloque de salto no s\u00f3lo es ligero, sino que tambi\u00e9n cuenta con una durabilidad excepcional y resistencia a la intemperie. A diferencia de los bloques de salto de madera tradicionales que son propensos a pudrirse, deformarse o agrietarse cuando se exponen a la lluvia, el sol o la humedad, la construcci\u00f3n de PVC del RDB01 se somete a un tratamiento especial de estabilizaci\u00f3n UV. Este tratamiento garantiza que el bloque pueda soportar un uso prolongado en el exterior, ya sea el calor abrasador del verano, las fuertes lluvias o las fr\u00edas heladas del invierno, sin desvanecerse, deformarse ni perder su integridad estructural. Adem\u00e1s, el material de PVC es resistente a los impactos, capaz de soportar los choques repetidos de los caballos durante las sesiones de entrenamiento. Pruebas rigurosas han demostrado que el bloque de salto RDB01 puede soportar m\u00e1s de 10.000 ciclos de salto, manteniendo su forma y estabilidad, lo que reduce significativamente la frecuencia de sustituci\u00f3n del equipo y disminuye los costes operativos a largo plazo para los clubes h\u00edpicos y centros de entrenamiento.<br \/>\n<img loading=\"lazy\" decoding=\"async\" class=\"aligncenter size-full wp-image-4225\" src=\"https:\/\/www.chinajumps.com\/wp-content\/uploads\/2025\/07\/\u5fae\u4fe1\u56fe\u7247_2025-06-30_143030_075.jpg\" alt=\"\" width=\"600\" height=\"400\" srcset=\"https:\/\/chinajumps.com\/wp-content\/uploads\/2025\/07\/\u5fae\u4fe1\u56fe\u7247_2025-06-30_143030_075.jpg 600w, https:\/\/chinajumps.com\/wp-content\/uploads\/2025\/07\/\u5fae\u4fe1\u56fe\u7247_2025-06-30_143030_075-300x200.jpg 300w, https:\/\/chinajumps.com\/wp-content\/uploads\/2025\/07\/\u5fae\u4fe1\u56fe\u7247_2025-06-30_143030_075-18x12.jpg 18w\" sizes=\"auto, (max-width: 600px) 100vw, 600px\" \/><\/div>\n<div class=\"ace-line ace-line old-record-id-IeQwftlFOdkbWUcqUjIcSMvdnfd\">El dise\u00f1o ergon\u00f3mico y pr\u00e1ctico del RDB01 es otro aspecto clave que lo diferencia de los bloques de salto normales. Con un peso de s\u00f3lo 3 kg por bloque, es 40% m\u00e1s ligero que los bloques de salto tradicionales de madera u hormig\u00f3n de tama\u00f1o similar. Esta ligereza facilita enormemente la configuraci\u00f3n y reconfiguraci\u00f3n del campo. Para los entrenadores y el personal del recinto, no hay necesidad de pesados equipos de elevaci\u00f3n ni de varias personas para mover los bloques; incluso una sola persona puede transportarlos y colocarlos f\u00e1cilmente, ahorrando un valioso tiempo y costes de mano de obra, especialmente durante las ajetreadas sesiones de entrenamiento o cuando se preparan competiciones que requieren frecuentes ajustes del recorrido. Las dimensiones compactas de 61x46x39cm hacen que el RDB01 sea muy vers\u00e1til en t\u00e9rminos de colocaci\u00f3n. Puede utilizarse como obst\u00e1culo independiente para el entrenamiento de principiantes, o apilado con varios bloques para crear estructuras de salto m\u00e1s altas y complejas para jinetes avanzados. La parte superior plana y el dise\u00f1o estable de la base garantizan que el bloque permanezca firmemente en su sitio durante el uso, evitando que se deslice o vuelque, lo cual es crucial para garantizar la seguridad tanto de los jinetes como de los caballos.<\/div>\n<div><img loading=\"lazy\" decoding=\"async\" class=\"aligncenter size-full wp-image-4226\" src=\"https:\/\/www.chinajumps.com\/wp-content\/uploads\/2025\/07\/\u5fae\u4fe1\u56fe\u7247_2025-06-30_143114_165.jpg\" alt=\"\" width=\"600\" height=\"450\" srcset=\"https:\/\/chinajumps.com\/wp-content\/uploads\/2025\/07\/\u5fae\u4fe1\u56fe\u7247_2025-06-30_143114_165.jpg 600w, https:\/\/chinajumps.com\/wp-content\/uploads\/2025\/07\/\u5fae\u4fe1\u56fe\u7247_2025-06-30_143114_165-300x225.jpg 300w, https:\/\/chinajumps.com\/wp-content\/uploads\/2025\/07\/\u5fae\u4fe1\u56fe\u7247_2025-06-30_143114_165-16x12.jpg 16w\" sizes=\"auto, (max-width: 600px) 100vw, 600px\" \/><\/div>\n<div class=\"ace-line ace-line old-record-id-Wgo0fZuzadf9O8c5fBIcwSybnzC\">Los bloques de salto de PVC para caballos RDB01 est\u00e1n dise\u00f1ados para satisfacer las diversas necesidades de diferentes grupos de usuarios, por lo que son adecuados para una amplia gama de aplicaciones. Para los principiantes en equitaci\u00f3n, la altura moderada y la estructura estable del RDB01 ayudan a fomentar la confianza. Los jinetes principiantes pueden practicar las habilidades b\u00e1sicas de salto sin miedo a los obst\u00e1culos inestables, lo que les permite centrarse en dominar la postura, el equilibrio y la coordinaci\u00f3n con sus caballos. Para los jinetes avanzados, el dise\u00f1o apilable del RDB01 permite la creaci\u00f3n de recorridos de salto personalizados que simulan retos a nivel de competici\u00f3n, ayud\u00e1ndoles a perfeccionar su precisi\u00f3n, velocidad y t\u00e9cnica de salto. Las academias de h\u00edpica y los clubes h\u00edpicos encontrar\u00e1n la RDB01 especialmente \u00fatil para las sesiones de entrenamiento en grupo, ya que su ligereza y facilidad de manejo permiten a los entrenadores ajustar r\u00e1pidamente la disposici\u00f3n del recorrido seg\u00fan los objetivos de entrenamiento de las distintas clases. Adem\u00e1s, el RDB01 tambi\u00e9n es una excelente opci\u00f3n para las competiciones ecuestres. Su aspecto elegante y profesional realza el atractivo visual del lugar de competici\u00f3n, mientras que su conformidad con las normas de seguridad de la UE garantiza que cumple los estrictos requisitos de las competiciones oficiales, proporcionando un entorno competitivo justo y seguro para los jinetes.<\/div>\n<div class=\"ace-line ace-line old-record-id-Hs6vfDK4sdonJxcKfbucihZNnUe\">Adem\u00e1s de sus ventajas funcionales, los bloques de salto de caballos de PVC RDB01 tambi\u00e9n ofrecen una gran flexibilidad de personalizaci\u00f3n, por lo que son perfectos para personalizar la marca y el recinto. Entendemos que muchos clubes h\u00edpicos e instituciones ecuestres tienen su propia identidad de marca y tem\u00e1tica. Por lo tanto, ofrecemos opciones de color personalizables para el RDB01, lo que le permite elegir los colores que coinciden con la decoraci\u00f3n de su lugar o los colores de la marca. Adem\u00e1s, tambi\u00e9n ofrecemos servicios de impresi\u00f3n de logotipos: puede imprimir el logotipo, el nombre u otros dise\u00f1os personalizados de su instituci\u00f3n en los bloques de salto, mejorando la visibilidad de la marca y creando un aspecto m\u00e1s cohesivo y profesional para su centro. Este nivel de personalizaci\u00f3n no s\u00f3lo satisface las necesidades pr\u00e1cticas de la instalaci\u00f3n, sino que tambi\u00e9n contribuye a reforzar el reconocimiento de la marca y la fidelidad entre clientes y usuarios.<\/div>\n<div><img loading=\"lazy\" decoding=\"async\" class=\"aligncenter wp-image-4228 size-full\" src=\"https:\/\/www.chinajumps.com\/wp-content\/uploads\/2025\/07\/123-scaled.jpg\" alt=\"PVC Horse Jump Blocks for training\" width=\"2560\" height=\"2560\" srcset=\"https:\/\/chinajumps.com\/wp-content\/uploads\/2025\/07\/123-scaled.jpg 2560w, https:\/\/chinajumps.com\/wp-content\/uploads\/2025\/07\/123-300x300.jpg 300w, https:\/\/chinajumps.com\/wp-content\/uploads\/2025\/07\/123-1024x1024.jpg 1024w, https:\/\/chinajumps.com\/wp-content\/uploads\/2025\/07\/123-150x150.jpg 150w, https:\/\/chinajumps.com\/wp-content\/uploads\/2025\/07\/123-768x768.jpg 768w, https:\/\/chinajumps.com\/wp-content\/uploads\/2025\/07\/123-1536x1536.jpg 1536w, https:\/\/chinajumps.com\/wp-content\/uploads\/2025\/07\/123-2048x2048.jpg 2048w, https:\/\/chinajumps.com\/wp-content\/uploads\/2025\/07\/123-12x12.jpg 12w, https:\/\/chinajumps.com\/wp-content\/uploads\/2025\/07\/123-600x600.jpg 600w, https:\/\/chinajumps.com\/wp-content\/uploads\/2025\/07\/123-100x100.jpg 100w\" sizes=\"auto, (max-width: 2560px) 100vw, 2560px\" \/><\/div>\n<div class=\"ace-line ace-line old-record-id-Qg7MfGEbBdE70NctnIfc6moIn1b\">Como producto de Reeds\/CHINAJUMPS, fabricante profesional especializado en equipamiento ecuestre, los bloques de salto de PVC para caballos RDB01 cuentan con la garant\u00eda de suministro directo de f\u00e1brica y un servicio postventa fiable. Contamos con una amplia experiencia en la producci\u00f3n e I+D de equipamiento ecuestre, y seguimos estrictas normas de control de calidad en todo el proceso de producci\u00f3n, desde la selecci\u00f3n de la materia prima hasta la fabricaci\u00f3n, el montaje y las pruebas. Al elegir el RDB01, no s\u00f3lo obtiene un producto de alta calidad, sino que tambi\u00e9n disfruta de las ventajas de los precios directos de f\u00e1brica, que ayudan a reducir los costes intermedios y le proporcionan precios m\u00e1s competitivos. Tambi\u00e9n mantenemos un stock suficiente de la RDB01 para garantizar una entrega r\u00e1pida, de modo que pueda obtener el equipo que necesita en el momento oportuno, ya sea para necesidades urgentes de entrenamiento o para la preparaci\u00f3n de competiciones. Nuestro equipo profesional de posventa est\u00e1 siempre dispuesto a responder a sus preguntas y proporcionarle asistencia t\u00e9cnica, para garantizar que el uso del producto sea fluido y sin preocupaciones.<\/div>\n<div class=\"ace-line ace-line old-record-id-R00xfas8MdtVM3cWk1BcVrBNnsd\">Cuando invierte en los bloques de salto de PVC para caballos RDB01, est\u00e1 invirtiendo en la seguridad, eficiencia y profesionalidad de su lugar de entrenamiento o competici\u00f3n ecuestre. Tanto si es un peque\u00f1o club h\u00edpico, una gran academia ecuestre o un organizador de eventos, la RDB01 puede satisfacer sus necesidades \u00fanicas y aportar un valor tangible a sus operaciones. Su dise\u00f1o ligero ahorra mano de obra y tiempo, su construcci\u00f3n duradera reduce los costes de sustituci\u00f3n, sus aplicaciones vers\u00e1tiles se adaptan a diferentes niveles de entrenamiento y sus caracter\u00edsticas personalizables mejoran la imagen de marca. En un mercado de equipos ecuestres competitivo, el RDB01 destaca como una opci\u00f3n fiable, pr\u00e1ctica y rentable en la que puede confiar.<\/div>\n<h3>Conclusi\u00f3n:<\/h3>\n<div class=\"ace-line ace-line old-record-id-Fsobft9G6dSqGpcpfn2cEEzTnkg\">En resumen, los bloques de salto de PVC para caballos RDB01 (61x46x39cm, 3kg cada uno) son una opci\u00f3n de equipamiento ecuestre de salto de primer nivel que combina calidad, practicidad y flexibilidad. Gracias a su material de PVC de primera calidad, su dise\u00f1o ergon\u00f3mico, su amplia gama de aplicaciones, sus caracter\u00edsticas personalizables y su fiable servicio posventa, es la opci\u00f3n ideal para cualquiera que desee actualizar su equipamiento ecuestre y mejorar su experiencia de entrenamiento o competici\u00f3n.<\/div>\n<\/div>","protected":false},"excerpt":{"rendered":"<p>Overview When it comes to equestrian training, competition preparation, or even the daily operations of riding academies and equestrian clubs, the quality and practicality of training equipment directly affect the effectiveness of training, the safety of riders and horses, and the overall professionalism of the venue. The RDB01 PVC Horse Jump Blocks, meticulously designed and [&hellip;]<\/p>","protected":false},"featured_media":4222,"template":"","meta":{"site-sidebar-layout":"default","site-content-layout":"","ast-site-content-layout":"default","site-content-style":"default","site-sidebar-style":"default","ast-global-header-display":"","ast-banner-title-visibility":"","ast-main-header-display":"","ast-hfb-above-header-display":"","ast-hfb-below-header-display":"","ast-hfb-mobile-header-display":"","site-post-title":"","ast-breadcrumbs-content":"","ast-featured-img":"","footer-sml-layout":"","theme-transparent-header-meta":"default","adv-header-id-meta":"","stick-header-meta":"","header-above-stick-meta":"","header-main-stick-meta":"","header-below-stick-meta":"","astra-migrate-meta-layouts":"set","ast-page-background-enabled":"default","ast-page-background-meta":{"desktop":{"background-color":"","background-image":"","background-repeat":"repeat","background-position":"center center","background-size":"auto","background-attachment":"scroll","background-type":"","background-media":"","overlay-type":"","overlay-color":"","overlay-opacity":"","overlay-gradient":""},"tablet":{"background-color":"","background-image":"","background-repeat":"repeat","background-position":"center center","background-size":"auto","background-attachment":"scroll","background-type":"","background-media":"","overlay-type":"","overlay-color":"","overlay-opacity":"","overlay-gradient":""},"mobile":{"background-color":"","background-image":"","background-repeat":"repeat","background-position":"center center","background-size":"auto","background-attachment":"scroll","background-type":"","background-media":"","overlay-type":"","overlay-color":"","overlay-opacity":"","overlay-gradient":""}},"ast-content-background-meta":{"desktop":{"background-color":"var(--ast-global-color-5)","background-image":"","background-repeat":"repeat","background-position":"center center","background-size":"auto","background-attachment":"scroll","background-type":"","background-media":"","overlay-type":"","overlay-color":"","overlay-opacity":"","overlay-gradient":""},"tablet":{"background-color":"var(--ast-global-color-5)","background-image":"","background-repeat":"repeat","background-position":"center center","background-size":"auto","background-attachment":"scroll","background-type":"","background-media":"","overlay-type":"","overlay-color":"","overlay-opacity":"","overlay-gradient":""},"mobile":{"background-color":"var(--ast-global-color-5)","background-image":"","background-repeat":"repeat","background-position":"center center","background-size":"auto","background-attachment":"scroll","background-type":"","background-media":"","overlay-type":"","overlay-color":"","overlay-opacity":"","overlay-gradient":""}}},"product_brand":[],"product_cat":[80],"product_tag":[],"class_list":{"0":"post-2726","1":"product","2":"type-product","3":"status-publish","4":"has-post-thumbnail","6":"product_cat-show-jumps","7":"desktop-align-center","8":"tablet-align-left","9":"mobile-align-left","11":"first","12":"instock","13":"shipping-taxable","14":"product-type-external"},"_links":{"self":[{"href":"https:\/\/chinajumps.com\/es\/wp-json\/wp\/v2\/product\/2726","targetHints":{"allow":["GET"]}}],"collection":[{"href":"https:\/\/chinajumps.com\/es\/wp-json\/wp\/v2\/product"}],"about":[{"href":"https:\/\/chinajumps.com\/es\/wp-json\/wp\/v2\/types\/product"}],"wp:featuredmedia":[{"embeddable":true,"href":"https:\/\/chinajumps.com\/es\/wp-json\/wp\/v2\/media\/4222"}],"wp:attachment":[{"href":"https:\/\/chinajumps.com\/es\/wp-json\/wp\/v2\/media?parent=2726"}],"wp:term":[{"taxonomy":"product_brand","embeddable":true,"href":"https:\/\/chinajumps.com\/es\/wp-json\/wp\/v2\/product_brand?post=2726"},{"taxonomy":"product_cat","embeddable":true,"href":"https:\/\/chinajumps.com\/es\/wp-json\/wp\/v2\/product_cat?post=2726"},{"taxonomy":"product_tag","embeddable":true,"href":"https:\/\/chinajumps.com\/es\/wp-json\/wp\/v2\/product_tag?post=2726"}],"curies":[{"name":"wp","href":"https:\/\/api.w.org\/{rel}","templated":true}]}}