{"id":2457,"date":"2025-07-08T15:35:17","date_gmt":"2025-07-08T15:35:17","guid":{"rendered":"https:\/\/www.chinajumps.com\/product\/portable-custom-european-standard-horse-stalls-and-temporary-shelters\/"},"modified":"2025-07-09T19:29:03","modified_gmt":"2025-07-09T19:29:03","slug":"portable-custom-european-standard-horse-stalls-and-temporary-shelters","status":"publish","type":"product","link":"https:\/\/chinajumps.com\/fr\/produit\/portable-custom-european-standard-horse-stalls-and-temporary-shelters\/","title":{"rendered":"Stalles de chevaux et abris temporaires portables, sur mesure et aux normes europ\u00e9ennes"},"content":{"rendered":"<p><strong>L'\u00e9curie personnalis\u00e9e de Reeds &amp; Cavaletti offre une durabilit\u00e9 et une s\u00e9curit\u00e9 in\u00e9gal\u00e9es pour un logement de qualit\u00e9 sup\u00e9rieure pour les chevaux.<\/strong><\/p>\n<p>Con\u00e7ue avec des mat\u00e9riaux de premi\u00e8re qualit\u00e9 et une construction de pr\u00e9cision, cette \u00e9table \u00e0 porte coulissante offre un environnement s\u00fbr et durable, adapt\u00e9 aux exploitations agricoles professionnelles et aux commerces de d\u00e9tail. Sa conception robuste garantit une protection fiable et une facilit\u00e9 d'utilisation dans des conditions difficiles.<\/p>\n<p>Fabriqu\u00e9e \u00e0 partir d'un m\u00e9lange de bois, de bambou, de WPC et de PEHD Govaplast de haute qualit\u00e9, l'\u00e9table comprend un tube de cadre robuste de 50 x 50 x 2 mm et un canal en U renforc\u00e9 pour soutenir les planches \u00e0 rainure et languette. La surface peinte par poudrage ou galvanis\u00e9e \u00e0 chaud am\u00e9liore la r\u00e9sistance \u00e0 la corrosion pour une dur\u00e9e de vie prolong\u00e9e.<\/p>\n<p><strong>Des mat\u00e9riaux solides et durables offrent une r\u00e9sistance exceptionnelle \u00e0 l'usure et aux facteurs environnementaux.<\/strong><\/p>\n<p><strong>Le syst\u00e8me de portes coulissantes optimise l'efficacit\u00e9 de l'espace et simplifie l'acc\u00e8s et la gestion des chevaux.<\/strong><\/p>\n<p><strong>Disponible en plusieurs longueurs de 2,5 m \u00e0 4 m et une hauteur de 2,2 m pour s'adapter \u00e0 diverses configurations d'\u00e9tables.<\/strong><\/p>\n<p><strong>Comprend une garantie d'un an sur les principaux composants, \u00e9tay\u00e9e par des rapports d'essai des machines et des inspections vid\u00e9o approfondies.<\/strong><\/p>\n<p><strong>Un emballage s\u00e9curis\u00e9 avec du papier bulle et des palettes garantit une livraison s\u00fbre dans le monde entier, y compris aux \u00c9tats-Unis, en Allemagne, en Australie, en Italie et au Japon.<\/strong><\/p>","protected":false},"excerpt":{"rendered":"<p>Reeds &amp; Cavaletti Customized Stable delivers unmatched durability and safety for superior horse housing. Engineered with premium materials and precision construction, this sliding door stable offers a secure and long-lasting environment tailored for professional farms and retail settings. Its robust design ensures reliable protection and ease of use in demanding conditions. Crafted from a high-quality [&hellip;]<\/p>","protected":false},"featured_media":2456,"template":"","meta":{"site-sidebar-layout":"default","site-content-layout":"","ast-site-content-layout":"default","site-content-style":"default","site-sidebar-style":"default","ast-global-header-display":"","ast-banner-title-visibility":"","ast-main-header-display":"","ast-hfb-above-header-display":"","ast-hfb-below-header-display":"","ast-hfb-mobile-header-display":"","site-post-title":"","ast-breadcrumbs-content":"","ast-featured-img":"","footer-sml-layout":"","theme-transparent-header-meta":"default","adv-header-id-meta":"","stick-header-meta":"","header-above-stick-meta":"","header-main-stick-meta":"","header-below-stick-meta":"","astra-migrate-meta-layouts":"set","ast-page-background-enabled":"default","ast-page-background-meta":{"desktop":{"background-color":"","background-image":"","background-repeat":"repeat","background-position":"center center","background-size":"auto","background-attachment":"scroll","background-type":"","background-media":"","overlay-type":"","overlay-color":"","overlay-opacity":"","overlay-gradient":""},"tablet":{"background-color":"","background-image":"","background-repeat":"repeat","background-position":"center center","background-size":"auto","background-attachment":"scroll","background-type":"","background-media":"","overlay-type":"","overlay-color":"","overlay-opacity":"","overlay-gradient":""},"mobile":{"background-color":"","background-image":"","background-repeat":"repeat","background-position":"center center","background-size":"auto","background-attachment":"scroll","background-type":"","background-media":"","overlay-type":"","overlay-color":"","overlay-opacity":"","overlay-gradient":""}},"ast-content-background-meta":{"desktop":{"background-color":"var(--ast-global-color-5)","background-image":"","background-repeat":"repeat","background-position":"center center","background-size":"auto","background-attachment":"scroll","background-type":"","background-media":"","overlay-type":"","overlay-color":"","overlay-opacity":"","overlay-gradient":""},"tablet":{"background-color":"var(--ast-global-color-5)","background-image":"","background-repeat":"repeat","background-position":"center center","background-size":"auto","background-attachment":"scroll","background-type":"","background-media":"","overlay-type":"","overlay-color":"","overlay-opacity":"","overlay-gradient":""},"mobile":{"background-color":"var(--ast-global-color-5)","background-image":"","background-repeat":"repeat","background-position":"center center","background-size":"auto","background-attachment":"scroll","background-type":"","background-media":"","overlay-type":"","overlay-color":"","overlay-opacity":"","overlay-gradient":""}}},"product_brand":[],"product_cat":[76],"product_tag":[],"class_list":{"0":"post-2457","1":"product","2":"type-product","3":"status-publish","4":"has-post-thumbnail","6":"product_cat-horse-stable","7":"desktop-align-center","8":"tablet-align-left","9":"mobile-align-left","11":"first","12":"instock","13":"shipping-taxable","14":"product-type-external"},"_links":{"self":[{"href":"https:\/\/chinajumps.com\/fr\/wp-json\/wp\/v2\/product\/2457","targetHints":{"allow":["GET"]}}],"collection":[{"href":"https:\/\/chinajumps.com\/fr\/wp-json\/wp\/v2\/product"}],"about":[{"href":"https:\/\/chinajumps.com\/fr\/wp-json\/wp\/v2\/types\/product"}],"wp:featuredmedia":[{"embeddable":true,"href":"https:\/\/chinajumps.com\/fr\/wp-json\/wp\/v2\/media\/2456"}],"wp:attachment":[{"href":"https:\/\/chinajumps.com\/fr\/wp-json\/wp\/v2\/media?parent=2457"}],"wp:term":[{"taxonomy":"product_brand","embeddable":true,"href":"https:\/\/chinajumps.com\/fr\/wp-json\/wp\/v2\/product_brand?post=2457"},{"taxonomy":"product_cat","embeddable":true,"href":"https:\/\/chinajumps.com\/fr\/wp-json\/wp\/v2\/product_cat?post=2457"},{"taxonomy":"product_tag","embeddable":true,"href":"https:\/\/chinajumps.com\/fr\/wp-json\/wp\/v2\/product_tag?post=2457"}],"curies":[{"name":"wp","href":"https:\/\/api.w.org\/{rel}","templated":true}]}}