{"id":2486,"date":"2025-07-09T15:45:44","date_gmt":"2025-07-09T15:45:44","guid":{"rendered":"https:\/\/www.chinajumps.com\/product\/premium-sliding-stable-door-patented-design-high-quality-luxury-horse-stall-door\/"},"modified":"2025-07-09T19:29:02","modified_gmt":"2025-07-09T19:29:02","slug":"premium-sliding-stable-door-patented-design-high-quality-luxury-horse-stall-door","status":"publish","type":"product","link":"https:\/\/chinajumps.com\/fr\/produit\/premium-sliding-stable-door-patented-design-high-quality-luxury-horse-stall-door\/","title":{"rendered":"Porte d'\u00e9curie coulissante de qualit\u00e9 sup\u00e9rieure Design brevet\u00e9 Porte de box de luxe de haute qualit\u00e9 pour chevaux"},"content":{"rendered":"<p><strong>Les panneaux coulissants pour chevaux de Reeds &amp; Cavaletti offrent une durabilit\u00e9 et une s\u00e9curit\u00e9 in\u00e9gal\u00e9es.<\/strong><\/p>\n<p>Fabriqu\u00e9s en bois, bambou, WPC et PE de premi\u00e8re qualit\u00e9, ces panneaux coulissants sont con\u00e7us pour offrir des performances durables dans des environnements \u00e9questres exigeants. Con\u00e7us avec un traitement de surface par poudrage ou HDG, ils r\u00e9sistent \u00e0 l'usure et \u00e0 la corrosion et conservent leur int\u00e9grit\u00e9 au fil du temps.<\/p>\n<p>Disponibles en plusieurs tailles allant de 2,5 m \u00e0 4 m, et propos\u00e9s en formes courbes et rectangulaires, ces panneaux s'adaptent parfaitement \u00e0 l'agencement de votre installation. Chaque unit\u00e9 est soumise \u00e0 des tests rigoureux des machines et \u00e0 une inspection vid\u00e9o afin de garantir les normes de s\u00e9curit\u00e9 les plus \u00e9lev\u00e9es.<\/p>\n<p><strong>Construction durable :<\/strong> Construit avec des mat\u00e9riaux robustes pour r\u00e9sister \u00e0 une utilisation quotidienne dans le commerce de d\u00e9tail et dans les exploitations agricoles.<\/p>\n<p><strong>Niveau de s\u00e9curit\u00e9 \u00e9lev\u00e9 :<\/strong> Con\u00e7us pour prot\u00e9ger les chevaux et les soigneurs gr\u00e2ce \u00e0 des m\u00e9canismes coulissants s\u00fbrs.<\/p>\n<p><strong>Des tailles et des formes vari\u00e9es :<\/strong> Choisissez parmi plusieurs dimensions et formes pour r\u00e9pondre \u00e0 vos besoins sp\u00e9cifiques.<\/p>\n<p><strong>Traitement de surface Premium :<\/strong> Rev\u00eatement en poudre ou galvanisation \u00e0 chaud pour une meilleure r\u00e9sistance \u00e0 la corrosion.<\/p>\n<p><strong>Garantie compl\u00e8te :<\/strong> Comprend une garantie d'un an sur les principaux composants pour une plus grande tranquillit\u00e9 d'esprit.<\/p>","protected":false},"excerpt":{"rendered":"<p>Reeds &amp; Cavaletti Sliding Horse Keeping Panels Deliver Unmatched Durability and Safety. Crafted from premium wooden, bamboo, WPC, and PE board materials, these sliding panels are engineered for long-lasting performance in demanding equestrian environments. Designed with a powder-coated or HDG surface treatment, they resist wear and corrosion to maintain their integrity over time. Available in [&hellip;]<\/p>","protected":false},"featured_media":2485,"template":"","meta":{"site-sidebar-layout":"default","site-content-layout":"","ast-site-content-layout":"","site-content-style":"default","site-sidebar-style":"default","ast-global-header-display":"","ast-banner-title-visibility":"","ast-main-header-display":"","ast-hfb-above-header-display":"","ast-hfb-below-header-display":"","ast-hfb-mobile-header-display":"","site-post-title":"","ast-breadcrumbs-content":"","ast-featured-img":"","footer-sml-layout":"","theme-transparent-header-meta":"","adv-header-id-meta":"","stick-header-meta":"","header-above-stick-meta":"","header-main-stick-meta":"","header-below-stick-meta":"","astra-migrate-meta-layouts":"default","ast-page-background-enabled":"default","ast-page-background-meta":{"desktop":{"background-color":"","background-image":"","background-repeat":"repeat","background-position":"center center","background-size":"auto","background-attachment":"scroll","background-type":"","background-media":"","overlay-type":"","overlay-color":"","overlay-opacity":"","overlay-gradient":""},"tablet":{"background-color":"","background-image":"","background-repeat":"repeat","background-position":"center center","background-size":"auto","background-attachment":"scroll","background-type":"","background-media":"","overlay-type":"","overlay-color":"","overlay-opacity":"","overlay-gradient":""},"mobile":{"background-color":"","background-image":"","background-repeat":"repeat","background-position":"center center","background-size":"auto","background-attachment":"scroll","background-type":"","background-media":"","overlay-type":"","overlay-color":"","overlay-opacity":"","overlay-gradient":""}},"ast-content-background-meta":{"desktop":{"background-color":"var(--ast-global-color-5)","background-image":"","background-repeat":"repeat","background-position":"center center","background-size":"auto","background-attachment":"scroll","background-type":"","background-media":"","overlay-type":"","overlay-color":"","overlay-opacity":"","overlay-gradient":""},"tablet":{"background-color":"var(--ast-global-color-5)","background-image":"","background-repeat":"repeat","background-position":"center center","background-size":"auto","background-attachment":"scroll","background-type":"","background-media":"","overlay-type":"","overlay-color":"","overlay-opacity":"","overlay-gradient":""},"mobile":{"background-color":"var(--ast-global-color-5)","background-image":"","background-repeat":"repeat","background-position":"center center","background-size":"auto","background-attachment":"scroll","background-type":"","background-media":"","overlay-type":"","overlay-color":"","overlay-opacity":"","overlay-gradient":""}}},"product_brand":[],"product_cat":[76],"product_tag":[],"class_list":{"0":"post-2486","1":"product","2":"type-product","3":"status-publish","4":"has-post-thumbnail","6":"product_cat-horse-stable","7":"desktop-align-center","8":"tablet-align-left","9":"mobile-align-left","11":"first","12":"instock","13":"shipping-taxable","14":"product-type-external"},"_links":{"self":[{"href":"https:\/\/chinajumps.com\/fr\/wp-json\/wp\/v2\/product\/2486","targetHints":{"allow":["GET"]}}],"collection":[{"href":"https:\/\/chinajumps.com\/fr\/wp-json\/wp\/v2\/product"}],"about":[{"href":"https:\/\/chinajumps.com\/fr\/wp-json\/wp\/v2\/types\/product"}],"wp:featuredmedia":[{"embeddable":true,"href":"https:\/\/chinajumps.com\/fr\/wp-json\/wp\/v2\/media\/2485"}],"wp:attachment":[{"href":"https:\/\/chinajumps.com\/fr\/wp-json\/wp\/v2\/media?parent=2486"}],"wp:term":[{"taxonomy":"product_brand","embeddable":true,"href":"https:\/\/chinajumps.com\/fr\/wp-json\/wp\/v2\/product_brand?post=2486"},{"taxonomy":"product_cat","embeddable":true,"href":"https:\/\/chinajumps.com\/fr\/wp-json\/wp\/v2\/product_cat?post=2486"},{"taxonomy":"product_tag","embeddable":true,"href":"https:\/\/chinajumps.com\/fr\/wp-json\/wp\/v2\/product_tag?post=2486"}],"curies":[{"name":"wp","href":"https:\/\/api.w.org\/{rel}","templated":true}]}}