{"id":2508,"date":"2025-07-09T15:49:15","date_gmt":"2025-07-09T15:49:15","guid":{"rendered":"https:\/\/www.chinajumps.com\/product\/aluminum-horse-jump-stand-wings-for-show-jumping\/"},"modified":"2025-07-09T19:29:02","modified_gmt":"2025-07-09T19:29:02","slug":"aluminum-horse-jump-stand-wings-for-show-jumping","status":"publish","type":"product","link":"https:\/\/chinajumps.com\/fr\/produit\/aluminum-horse-jump-stand-wings-for-show-jumping\/","title":{"rendered":"Ailes de saut d'obstacles en aluminium pour le saut d'obstacles"},"content":{"rendered":"<p><strong>Faites l'exp\u00e9rience d'un confort et d'une performance in\u00e9gal\u00e9s avec notre culotte d'\u00e9quitation haut de gamme.<\/strong><\/p>\n<p>Fabriqu\u00e9e avec pr\u00e9cision \u00e0 Zhejiang, en Chine, cette culotte est con\u00e7ue pour r\u00e9pondre aux exigences des cavaliers de tous niveaux. Le mod\u00e8le Reeds SA1 allie durabilit\u00e9 et style pour am\u00e9liorer votre exp\u00e9rience \u00e9questre.<\/p>\n<p>Disponible dans une vari\u00e9t\u00e9 de couleurs, cette culotte offre \u00e0 la fois une fonctionnalit\u00e9 et une coupe sur mesure pour un mouvement et un confort optimaux.<\/p>\n<p><strong>Caract\u00e9ristiques principales :<\/strong><\/p>\n<p>Construction durable con\u00e7ue sp\u00e9cifiquement pour les activit\u00e9s \u00e9questres<\/p>\n<p>Une coupe confortable qui favorise la flexibilit\u00e9 et la libert\u00e9 de mouvement<\/p>\n<p>Large choix de couleurs pour s'adapter au style et aux pr\u00e9f\u00e9rences de chacun<\/p>\n<p>Marque de confiance de Reeds, mod\u00e8le SA1<\/p>\n<p>Id\u00e9al pour les cavaliers occasionnels et les professionnels \u00e0 la recherche d'un \u00e9quipement fiable.<\/p>","protected":false},"excerpt":{"rendered":"<p>Experience unmatched comfort and performance with our premium Horse Riding Breeches. Crafted with precision in Zhejiang, China, these breeches are designed to meet the demands of riders at every level. The Reeds SA1 model combines durability and style to enhance your riding experience. Available in a variety of colors, these breeches offer both functionality and [&hellip;]<\/p>","protected":false},"featured_media":2507,"template":"","meta":{"site-sidebar-layout":"default","site-content-layout":"","ast-site-content-layout":"default","site-content-style":"default","site-sidebar-style":"default","ast-global-header-display":"","ast-banner-title-visibility":"","ast-main-header-display":"","ast-hfb-above-header-display":"","ast-hfb-below-header-display":"","ast-hfb-mobile-header-display":"","site-post-title":"","ast-breadcrumbs-content":"","ast-featured-img":"","footer-sml-layout":"","theme-transparent-header-meta":"default","adv-header-id-meta":"","stick-header-meta":"","header-above-stick-meta":"","header-main-stick-meta":"","header-below-stick-meta":"","astra-migrate-meta-layouts":"set","ast-page-background-enabled":"default","ast-page-background-meta":{"desktop":{"background-color":"","background-image":"","background-repeat":"repeat","background-position":"center center","background-size":"auto","background-attachment":"scroll","background-type":"","background-media":"","overlay-type":"","overlay-color":"","overlay-opacity":"","overlay-gradient":""},"tablet":{"background-color":"","background-image":"","background-repeat":"repeat","background-position":"center center","background-size":"auto","background-attachment":"scroll","background-type":"","background-media":"","overlay-type":"","overlay-color":"","overlay-opacity":"","overlay-gradient":""},"mobile":{"background-color":"","background-image":"","background-repeat":"repeat","background-position":"center center","background-size":"auto","background-attachment":"scroll","background-type":"","background-media":"","overlay-type":"","overlay-color":"","overlay-opacity":"","overlay-gradient":""}},"ast-content-background-meta":{"desktop":{"background-color":"var(--ast-global-color-5)","background-image":"","background-repeat":"repeat","background-position":"center center","background-size":"auto","background-attachment":"scroll","background-type":"","background-media":"","overlay-type":"","overlay-color":"","overlay-opacity":"","overlay-gradient":""},"tablet":{"background-color":"var(--ast-global-color-5)","background-image":"","background-repeat":"repeat","background-position":"center center","background-size":"auto","background-attachment":"scroll","background-type":"","background-media":"","overlay-type":"","overlay-color":"","overlay-opacity":"","overlay-gradient":""},"mobile":{"background-color":"var(--ast-global-color-5)","background-image":"","background-repeat":"repeat","background-position":"center center","background-size":"auto","background-attachment":"scroll","background-type":"","background-media":"","overlay-type":"","overlay-color":"","overlay-opacity":"","overlay-gradient":""}}},"product_brand":[],"product_cat":[80],"product_tag":[],"class_list":{"0":"post-2508","1":"product","2":"type-product","3":"status-publish","4":"has-post-thumbnail","6":"product_cat-show-jumps","7":"desktop-align-center","8":"tablet-align-left","9":"mobile-align-left","11":"first","12":"instock","13":"shipping-taxable","14":"product-type-external"},"_links":{"self":[{"href":"https:\/\/chinajumps.com\/fr\/wp-json\/wp\/v2\/product\/2508","targetHints":{"allow":["GET"]}}],"collection":[{"href":"https:\/\/chinajumps.com\/fr\/wp-json\/wp\/v2\/product"}],"about":[{"href":"https:\/\/chinajumps.com\/fr\/wp-json\/wp\/v2\/types\/product"}],"wp:featuredmedia":[{"embeddable":true,"href":"https:\/\/chinajumps.com\/fr\/wp-json\/wp\/v2\/media\/2507"}],"wp:attachment":[{"href":"https:\/\/chinajumps.com\/fr\/wp-json\/wp\/v2\/media?parent=2508"}],"wp:term":[{"taxonomy":"product_brand","embeddable":true,"href":"https:\/\/chinajumps.com\/fr\/wp-json\/wp\/v2\/product_brand?post=2508"},{"taxonomy":"product_cat","embeddable":true,"href":"https:\/\/chinajumps.com\/fr\/wp-json\/wp\/v2\/product_cat?post=2508"},{"taxonomy":"product_tag","embeddable":true,"href":"https:\/\/chinajumps.com\/fr\/wp-json\/wp\/v2\/product_tag?post=2508"}],"curies":[{"name":"wp","href":"https:\/\/api.w.org\/{rel}","templated":true}]}}