{"id":2536,"date":"2025-07-09T15:53:40","date_gmt":"2025-07-09T15:53:40","guid":{"rendered":"https:\/\/www.chinajumps.com\/product\/portable-steel-horse-stalls-with-roof-durable-luxury-temporary-stable-boxes\/"},"modified":"2025-12-05T07:00:24","modified_gmt":"2025-12-05T07:00:24","slug":"portable-steel-horse-stalls-with-roof-durable-luxury-temporary-stable-boxes","status":"publish","type":"product","link":"https:\/\/chinajumps.com\/fr\/produit\/portable-steel-horse-stalls-with-roof-durable-luxury-temporary-stable-boxes\/","title":{"rendered":"Stalles de chevaux portables en acier avec toit, durables, luxueuses et temporaires"},"content":{"rendered":"<p><strong>S\u00e9rie d'auvents Reeds &amp; Cavaletti : Con\u00e7us pour un h\u00e9bergement durable et s\u00fbr des chevaux en plein air.<\/strong><\/p>\n<p>Con\u00e7ue avec des cadres en acier HDG de premi\u00e8re qualit\u00e9 et des panneaux polyvalents en bois, bambou et PEHD, cette caisse d'ext\u00e9rieur offre une solidit\u00e9 et une long\u00e9vit\u00e9 in\u00e9gal\u00e9es. Son rev\u00eatement en poudre et sa finition galvanis\u00e9e \u00e0 chaud garantissent une r\u00e9sistance aux intemp\u00e9ries et \u00e0 la corrosion, ce qui en fait un produit id\u00e9al pour les exploitations agricoles et les commerces de d\u00e9tail.<\/p>\n<p>Construite pour r\u00e9pondre \u00e0 des normes de s\u00e9curit\u00e9 \u00e9lev\u00e9es, la s\u00e9rie Canopy prend en charge diff\u00e9rentes options de toiture, telles que les t\u00f4les, les panneaux sandwich isol\u00e9s ou les tuiles en r\u00e9sine, afin de r\u00e9pondre \u00e0 vos besoins sp\u00e9cifiques. Chaque unit\u00e9 est soumise \u00e0 des tests de machinerie rigoureux et \u00e0 une inspection vid\u00e9o pour garantir la qualit\u00e9 et la fiabilit\u00e9.<\/p>\n<p><strong>Caract\u00e9ristiques principales :<\/strong><br \/>\nConstruction robuste avec des tubes d'acier de 50*50*2mm et des profil\u00e9s en U solides pour une installation s\u00fbre des panneaux.<br \/>\nPlusieurs options de mat\u00e9riaux pour les panneaux, dont le PVC, le PEHD, le bois, le bambou et le WPC, pour une durabilit\u00e9 personnalisable.<br \/>\nDes solutions de toiture flexibles con\u00e7ues pour prot\u00e9ger contre les intemp\u00e9ries tout en pr\u00e9servant l'int\u00e9grit\u00e9 structurelle.<br \/>\nGarantie compl\u00e8te d'un an couvrant les principaux composants pour une plus grande tranquillit\u00e9 d'esprit.<br \/>\nPr\u00e9sence dans les salles d'exposition du monde entier et soutien aux \u00c9tats-Unis, en Allemagne, en Australie, en Italie et au Japon.<\/p>","protected":false},"excerpt":{"rendered":"<p>Reeds &amp; Cavaletti Canopy Series: Engineered for Durable, Safe Outdoor Horse Housing. Designed with premium HDG steel frames and versatile board materials including wood, bamboo, and HDPE, this outdoor box delivers unmatched strength and longevity. Its powder-coated and hot-dip galvanized finish ensures resistance to harsh weather and corrosion, making it ideal for farm and retail [&hellip;]<\/p>","protected":false},"featured_media":4236,"template":"","meta":{"site-sidebar-layout":"default","site-content-layout":"","ast-site-content-layout":"default","site-content-style":"default","site-sidebar-style":"default","ast-global-header-display":"","ast-banner-title-visibility":"","ast-main-header-display":"","ast-hfb-above-header-display":"","ast-hfb-below-header-display":"","ast-hfb-mobile-header-display":"","site-post-title":"","ast-breadcrumbs-content":"","ast-featured-img":"","footer-sml-layout":"","theme-transparent-header-meta":"default","adv-header-id-meta":"","stick-header-meta":"","header-above-stick-meta":"","header-main-stick-meta":"","header-below-stick-meta":"","astra-migrate-meta-layouts":"set","ast-page-background-enabled":"default","ast-page-background-meta":{"desktop":{"background-color":"","background-image":"","background-repeat":"repeat","background-position":"center center","background-size":"auto","background-attachment":"scroll","background-type":"","background-media":"","overlay-type":"","overlay-color":"","overlay-opacity":"","overlay-gradient":""},"tablet":{"background-color":"","background-image":"","background-repeat":"repeat","background-position":"center center","background-size":"auto","background-attachment":"scroll","background-type":"","background-media":"","overlay-type":"","overlay-color":"","overlay-opacity":"","overlay-gradient":""},"mobile":{"background-color":"","background-image":"","background-repeat":"repeat","background-position":"center center","background-size":"auto","background-attachment":"scroll","background-type":"","background-media":"","overlay-type":"","overlay-color":"","overlay-opacity":"","overlay-gradient":""}},"ast-content-background-meta":{"desktop":{"background-color":"var(--ast-global-color-5)","background-image":"","background-repeat":"repeat","background-position":"center center","background-size":"auto","background-attachment":"scroll","background-type":"","background-media":"","overlay-type":"","overlay-color":"","overlay-opacity":"","overlay-gradient":""},"tablet":{"background-color":"var(--ast-global-color-5)","background-image":"","background-repeat":"repeat","background-position":"center center","background-size":"auto","background-attachment":"scroll","background-type":"","background-media":"","overlay-type":"","overlay-color":"","overlay-opacity":"","overlay-gradient":""},"mobile":{"background-color":"var(--ast-global-color-5)","background-image":"","background-repeat":"repeat","background-position":"center center","background-size":"auto","background-attachment":"scroll","background-type":"","background-media":"","overlay-type":"","overlay-color":"","overlay-opacity":"","overlay-gradient":""}}},"product_brand":[],"product_cat":[76],"product_tag":[],"class_list":{"0":"post-2536","1":"product","2":"type-product","3":"status-publish","4":"has-post-thumbnail","6":"product_cat-horse-stable","7":"desktop-align-center","8":"tablet-align-left","9":"mobile-align-left","11":"first","12":"instock","13":"shipping-taxable","14":"product-type-external"},"_links":{"self":[{"href":"https:\/\/chinajumps.com\/fr\/wp-json\/wp\/v2\/product\/2536","targetHints":{"allow":["GET"]}}],"collection":[{"href":"https:\/\/chinajumps.com\/fr\/wp-json\/wp\/v2\/product"}],"about":[{"href":"https:\/\/chinajumps.com\/fr\/wp-json\/wp\/v2\/types\/product"}],"wp:featuredmedia":[{"embeddable":true,"href":"https:\/\/chinajumps.com\/fr\/wp-json\/wp\/v2\/media\/4236"}],"wp:attachment":[{"href":"https:\/\/chinajumps.com\/fr\/wp-json\/wp\/v2\/media?parent=2536"}],"wp:term":[{"taxonomy":"product_brand","embeddable":true,"href":"https:\/\/chinajumps.com\/fr\/wp-json\/wp\/v2\/product_brand?post=2536"},{"taxonomy":"product_cat","embeddable":true,"href":"https:\/\/chinajumps.com\/fr\/wp-json\/wp\/v2\/product_cat?post=2536"},{"taxonomy":"product_tag","embeddable":true,"href":"https:\/\/chinajumps.com\/fr\/wp-json\/wp\/v2\/product_tag?post=2536"}],"curies":[{"name":"wp","href":"https:\/\/api.w.org\/{rel}","templated":true}]}}