{"id":2543,"date":"2025-07-09T15:54:05","date_gmt":"2025-07-09T15:54:05","guid":{"rendered":"https:\/\/www.chinajumps.com\/product\/portable-outdoor-horse-stable-box-hdg-steel-frame-with-pvc-cover\/"},"modified":"2025-12-05T06:51:11","modified_gmt":"2025-12-05T06:51:11","slug":"portable-outdoor-horse-stable-box","status":"publish","type":"product","link":"https:\/\/chinajumps.com\/fr\/produit\/portable-outdoor-horse-stable-box\/","title":{"rendered":"Boxe \u00e0 chevaux portable pour l'ext\u00e9rieur Cadre en acier HDG avec couverture en PVC"},"content":{"rendered":"<p><strong>S\u00e9rie coulissante et \u00e0 charni\u00e8res de Reeds &amp; Cavaletti : \u00c9curies portables et durables, con\u00e7ues pour la s\u00e9curit\u00e9 et la long\u00e9vit\u00e9.<\/strong><\/p>\n<p>Con\u00e7ues avec pr\u00e9cision et fabriqu\u00e9es \u00e0 partir de mat\u00e9riaux de haute qualit\u00e9, ces \u00e9curies offrent une stabilit\u00e9 et une protection in\u00e9gal\u00e9es \u00e0 vos animaux. Dot\u00e9es de tubes en PVC et de cadres robustes, chaque unit\u00e9 r\u00e9siste \u00e0 une utilisation rigoureuse tout en conservant une apparence \u00e9l\u00e9gante et professionnelle.<\/p>\n<p>Construites avec des cadres en acier galvanis\u00e9 \u00e0 chaud ou recouvert de poudre et de solides profil\u00e9s en U pour maintenir solidement les planches \u00e0 rainure et languette, ces \u00e9tables allient solidit\u00e9 et portabilit\u00e9. Disponibles en plusieurs longueurs et hauteurs, elles s'adaptent parfaitement \u00e0 l'environnement sp\u00e9cifique de votre ferme ou de votre commerce de d\u00e9tail.<\/p>\n<p><strong>Caract\u00e9ristiques principales :<\/strong><br \/>\n- Fabriqu\u00e9 \u00e0 partir de mat\u00e9riaux durables en PVC, bois, bambou, HDPE ou WPC pour des options de surface polyvalentes.<br \/>\n- Les options de toiture comprennent des panneaux sandwich isol\u00e9s, des tuiles en r\u00e9sine ou des panneaux muraux en t\u00f4le pour une meilleure r\u00e9sistance aux intemp\u00e9ries.<br \/>\n- La conception portable et stable permet un d\u00e9placement facile sans compromettre l'int\u00e9grit\u00e9 structurelle.<br \/>\n- La garantie compl\u00e8te d'un an sur les principaux composants assure des performances fiables.<br \/>\n- Test\u00e9 et certifi\u00e9 avec un rapport d'essai des machines et une inspection vid\u00e9o pour garantir la qualit\u00e9 et la s\u00e9curit\u00e9.<\/p>","protected":false},"excerpt":{"rendered":"<p>Reeds &amp; Cavaletti Sliding and Hinged Series: Durable, Portable Horse Stables Engineered for Safety and Longevity. Designed with precision and built from high-quality materials, these horse stables deliver unmatched stability and protection for your animals. Featuring robust PVC and frame tubes, each unit withstands rigorous use while maintaining a sleek, professional appearance. Constructed with powder-coated [&hellip;]<\/p>","protected":false},"featured_media":4229,"template":"","meta":{"site-sidebar-layout":"default","site-content-layout":"","ast-site-content-layout":"default","site-content-style":"default","site-sidebar-style":"default","ast-global-header-display":"","ast-banner-title-visibility":"","ast-main-header-display":"","ast-hfb-above-header-display":"","ast-hfb-below-header-display":"","ast-hfb-mobile-header-display":"","site-post-title":"","ast-breadcrumbs-content":"","ast-featured-img":"","footer-sml-layout":"","theme-transparent-header-meta":"default","adv-header-id-meta":"","stick-header-meta":"","header-above-stick-meta":"","header-main-stick-meta":"","header-below-stick-meta":"","astra-migrate-meta-layouts":"set","ast-page-background-enabled":"default","ast-page-background-meta":{"desktop":{"background-color":"","background-image":"","background-repeat":"repeat","background-position":"center center","background-size":"auto","background-attachment":"scroll","background-type":"","background-media":"","overlay-type":"","overlay-color":"","overlay-opacity":"","overlay-gradient":""},"tablet":{"background-color":"","background-image":"","background-repeat":"repeat","background-position":"center center","background-size":"auto","background-attachment":"scroll","background-type":"","background-media":"","overlay-type":"","overlay-color":"","overlay-opacity":"","overlay-gradient":""},"mobile":{"background-color":"","background-image":"","background-repeat":"repeat","background-position":"center center","background-size":"auto","background-attachment":"scroll","background-type":"","background-media":"","overlay-type":"","overlay-color":"","overlay-opacity":"","overlay-gradient":""}},"ast-content-background-meta":{"desktop":{"background-color":"var(--ast-global-color-5)","background-image":"","background-repeat":"repeat","background-position":"center center","background-size":"auto","background-attachment":"scroll","background-type":"","background-media":"","overlay-type":"","overlay-color":"","overlay-opacity":"","overlay-gradient":""},"tablet":{"background-color":"var(--ast-global-color-5)","background-image":"","background-repeat":"repeat","background-position":"center center","background-size":"auto","background-attachment":"scroll","background-type":"","background-media":"","overlay-type":"","overlay-color":"","overlay-opacity":"","overlay-gradient":""},"mobile":{"background-color":"var(--ast-global-color-5)","background-image":"","background-repeat":"repeat","background-position":"center center","background-size":"auto","background-attachment":"scroll","background-type":"","background-media":"","overlay-type":"","overlay-color":"","overlay-opacity":"","overlay-gradient":""}}},"product_brand":[],"product_cat":[76],"product_tag":[],"class_list":{"0":"post-2543","1":"product","2":"type-product","3":"status-publish","4":"has-post-thumbnail","6":"product_cat-horse-stable","7":"desktop-align-center","8":"tablet-align-left","9":"mobile-align-left","11":"first","12":"instock","13":"shipping-taxable","14":"product-type-external"},"_links":{"self":[{"href":"https:\/\/chinajumps.com\/fr\/wp-json\/wp\/v2\/product\/2543","targetHints":{"allow":["GET"]}}],"collection":[{"href":"https:\/\/chinajumps.com\/fr\/wp-json\/wp\/v2\/product"}],"about":[{"href":"https:\/\/chinajumps.com\/fr\/wp-json\/wp\/v2\/types\/product"}],"wp:featuredmedia":[{"embeddable":true,"href":"https:\/\/chinajumps.com\/fr\/wp-json\/wp\/v2\/media\/4229"}],"wp:attachment":[{"href":"https:\/\/chinajumps.com\/fr\/wp-json\/wp\/v2\/media?parent=2543"}],"wp:term":[{"taxonomy":"product_brand","embeddable":true,"href":"https:\/\/chinajumps.com\/fr\/wp-json\/wp\/v2\/product_brand?post=2543"},{"taxonomy":"product_cat","embeddable":true,"href":"https:\/\/chinajumps.com\/fr\/wp-json\/wp\/v2\/product_cat?post=2543"},{"taxonomy":"product_tag","embeddable":true,"href":"https:\/\/chinajumps.com\/fr\/wp-json\/wp\/v2\/product_tag?post=2543"}],"curies":[{"name":"wp","href":"https:\/\/api.w.org\/{rel}","templated":true}]}}