{"id":2550,"date":"2025-07-09T15:55:08","date_gmt":"2025-07-09T15:55:08","guid":{"rendered":"https:\/\/www.chinajumps.com\/product\/longines-fei-standard-equestrian-show-jumping-poles-aluminum-and-wood\/"},"modified":"2025-07-09T19:29:02","modified_gmt":"2025-07-09T19:29:02","slug":"longines-fei-standard-equestrian-show-jumping-poles-aluminum-and-wood","status":"publish","type":"product","link":"https:\/\/chinajumps.com\/fr\/produit\/longines-fei-standard-equestrian-show-jumping-poles-aluminum-and-wood\/","title":{"rendered":"Poteaux de saut d'obstacles Longines FEI Standard Aluminium et Bois"},"content":{"rendered":"<p><strong>Les barres de saut d'obstacles Reeds &amp; Cavaletti JP Series offrent une durabilit\u00e9 et une personnalisation in\u00e9gal\u00e9es pour l'excellence \u00e9questre.<\/strong><\/p>\n<p>Fabriqu\u00e9s \u00e0 partir d'aluminium et de bois de premi\u00e8re qualit\u00e9 combin\u00e9s \u00e0 du PEHD, ces poteaux sont con\u00e7us pour r\u00e9sister aux exigences rigoureuses de l'entra\u00eenement et de la comp\u00e9tition. Disponibles en plusieurs longueurs et dans une vari\u00e9t\u00e9 de couleurs, elles s'adaptent parfaitement \u00e0 vos besoins sp\u00e9cifiques en mati\u00e8re de saut d'obstacles.<\/p>\n<p>Personnalisez votre installation avec des perches con\u00e7ues pour la performance et la long\u00e9vit\u00e9.<\/p>\n<p><strong>Caract\u00e9ristiques principales :<\/strong><br \/>Fabriqu\u00e9 avec pr\u00e9cision \u00e0 partir d'aluminium et de bois de haute qualit\u00e9 et de PEHD pour une r\u00e9sistance et une r\u00e9silience sup\u00e9rieures.<\/p>\n<p>Disponible en 3m, 3,5m et 4m de long pour r\u00e9pondre aux diff\u00e9rentes exigences en mati\u00e8re d'entra\u00eenement et de comp\u00e9tition.<\/p>\n<p>Large choix de couleurs pour s'adapter \u00e0 votre style et \u00e0 la conception de votre parcours.<\/p>\n<p>Options de conception enti\u00e8rement personnalisables pour adapter les poteaux \u00e0 vos sp\u00e9cifications exactes.<\/p>\n<p>Fabriqu\u00e9 \u00e0 Zhejiang, en Chine, ce qui garantit une qualit\u00e9 et un savoir-faire constants.<\/p>","protected":false},"excerpt":{"rendered":"<p>Reeds &amp; Cavaletti JP Series Show Jumping Poles deliver unmatched durability and customization for equestrian excellence. Crafted from premium aluminum and wood combined with HDPE, these poles are engineered to withstand rigorous training and competition demands. Available in multiple lengths and a variety of colors, they adapt seamlessly to your specific show jumping needs. Customize [&hellip;]<\/p>","protected":false},"featured_media":2549,"template":"","meta":{"site-sidebar-layout":"default","site-content-layout":"","ast-site-content-layout":"","site-content-style":"default","site-sidebar-style":"default","ast-global-header-display":"","ast-banner-title-visibility":"","ast-main-header-display":"","ast-hfb-above-header-display":"","ast-hfb-below-header-display":"","ast-hfb-mobile-header-display":"","site-post-title":"","ast-breadcrumbs-content":"","ast-featured-img":"","footer-sml-layout":"","theme-transparent-header-meta":"","adv-header-id-meta":"","stick-header-meta":"","header-above-stick-meta":"","header-main-stick-meta":"","header-below-stick-meta":"","astra-migrate-meta-layouts":"default","ast-page-background-enabled":"default","ast-page-background-meta":{"desktop":{"background-color":"","background-image":"","background-repeat":"repeat","background-position":"center center","background-size":"auto","background-attachment":"scroll","background-type":"","background-media":"","overlay-type":"","overlay-color":"","overlay-opacity":"","overlay-gradient":""},"tablet":{"background-color":"","background-image":"","background-repeat":"repeat","background-position":"center center","background-size":"auto","background-attachment":"scroll","background-type":"","background-media":"","overlay-type":"","overlay-color":"","overlay-opacity":"","overlay-gradient":""},"mobile":{"background-color":"","background-image":"","background-repeat":"repeat","background-position":"center center","background-size":"auto","background-attachment":"scroll","background-type":"","background-media":"","overlay-type":"","overlay-color":"","overlay-opacity":"","overlay-gradient":""}},"ast-content-background-meta":{"desktop":{"background-color":"var(--ast-global-color-5)","background-image":"","background-repeat":"repeat","background-position":"center center","background-size":"auto","background-attachment":"scroll","background-type":"","background-media":"","overlay-type":"","overlay-color":"","overlay-opacity":"","overlay-gradient":""},"tablet":{"background-color":"var(--ast-global-color-5)","background-image":"","background-repeat":"repeat","background-position":"center center","background-size":"auto","background-attachment":"scroll","background-type":"","background-media":"","overlay-type":"","overlay-color":"","overlay-opacity":"","overlay-gradient":""},"mobile":{"background-color":"var(--ast-global-color-5)","background-image":"","background-repeat":"repeat","background-position":"center center","background-size":"auto","background-attachment":"scroll","background-type":"","background-media":"","overlay-type":"","overlay-color":"","overlay-opacity":"","overlay-gradient":""}}},"product_brand":[],"product_cat":[80],"product_tag":[],"class_list":{"0":"post-2550","1":"product","2":"type-product","3":"status-publish","4":"has-post-thumbnail","6":"product_cat-show-jumps","7":"desktop-align-center","8":"tablet-align-left","9":"mobile-align-left","11":"first","12":"instock","13":"shipping-taxable","14":"product-type-external"},"_links":{"self":[{"href":"https:\/\/chinajumps.com\/fr\/wp-json\/wp\/v2\/product\/2550","targetHints":{"allow":["GET"]}}],"collection":[{"href":"https:\/\/chinajumps.com\/fr\/wp-json\/wp\/v2\/product"}],"about":[{"href":"https:\/\/chinajumps.com\/fr\/wp-json\/wp\/v2\/types\/product"}],"wp:featuredmedia":[{"embeddable":true,"href":"https:\/\/chinajumps.com\/fr\/wp-json\/wp\/v2\/media\/2549"}],"wp:attachment":[{"href":"https:\/\/chinajumps.com\/fr\/wp-json\/wp\/v2\/media?parent=2550"}],"wp:term":[{"taxonomy":"product_brand","embeddable":true,"href":"https:\/\/chinajumps.com\/fr\/wp-json\/wp\/v2\/product_brand?post=2550"},{"taxonomy":"product_cat","embeddable":true,"href":"https:\/\/chinajumps.com\/fr\/wp-json\/wp\/v2\/product_cat?post=2550"},{"taxonomy":"product_tag","embeddable":true,"href":"https:\/\/chinajumps.com\/fr\/wp-json\/wp\/v2\/product_tag?post=2550"}],"curies":[{"name":"wp","href":"https:\/\/api.w.org\/{rel}","templated":true}]}}