{"id":2564,"date":"2025-07-09T16:10:44","date_gmt":"2025-07-09T16:10:44","guid":{"rendered":"https:\/\/www.chinajumps.com\/product\/ce-certified-horse-walker-machine-with-bamboo-hdpe-fencing-and-italy-motor\/"},"modified":"2025-07-09T19:29:02","modified_gmt":"2025-07-09T19:29:02","slug":"ce-certified-horse-walker-machine-with-bamboo-hdpe-fencing-and-italy-motor","status":"publish","type":"product","link":"https:\/\/chinajumps.com\/fr\/produit\/ce-certified-horse-walker-machine-with-bamboo-hdpe-fencing-and-italy-motor\/","title":{"rendered":"Machine \u00e0 marcher pour chevaux certifi\u00e9e CE avec cl\u00f4ture en bambou HDPE et moteur italien"},"content":{"rendered":"<p><strong>Con\u00e7us pour \u00eatre durables et performants, les produits pour chevaux de la s\u00e9rie HW offrent un fonctionnement fiable et des options personnalisables pour r\u00e9pondre \u00e0 vos besoins \u00e9quins.<\/strong><\/p>\n<p>Fabriqu\u00e9 en acier HDG de haute qualit\u00e9, ce produit garantit une r\u00e9sistance et une stabilit\u00e9 durables. Con\u00e7u dans un souci de polyvalence, il offre de multiples choix de couleurs et de configurations de toiture en option pour s'adapter \u00e0 votre environnement.<\/p>\n<p>Disponible avec une cl\u00f4ture en bois, en bambou ou en panneaux HDPE, la s\u00e9rie HW offre une enceinte s\u00fbre et adaptable. Le syst\u00e8me fonctionne en douceur avec un moteur Motovario, supportant des vitesses allant jusqu'\u00e0 15 km\/h sur une alimentation \u00e9lectrique standard de 220V.<\/p>\n<p><strong>Caract\u00e9ristiques principales :<\/strong><\/p>\n<p>Construit en acier HDG durable pour une long\u00e9vit\u00e9 et une r\u00e9sistance accrues.<\/p>\n<p>Plusieurs options de diam\u00e8tre allant de 12m \u00e0 20m pour r\u00e9pondre aux diff\u00e9rents besoins d'espace.<\/p>\n<p>Couverture de toit compl\u00e8te ou partielle en option pour une protection contre les intemp\u00e9ries.<\/p>\n<p>Choix de mat\u00e9riaux de cl\u00f4ture : bois, bambou ou panneaux en PEHD pour une s\u00e9curit\u00e9 sur mesure.<\/p>\n<p>Aliment\u00e9 par un moteur Motovario fiable garantissant un contr\u00f4le constant de la vitesse jusqu'\u00e0 15 km\/h.<\/p>","protected":false},"excerpt":{"rendered":"<p>Engineered for durability and performance, the HW Series horse product delivers reliable operation and customizable options to meet your equine needs. Crafted from high-quality HDG steel, this product ensures long-lasting strength and stability. Designed with versatility in mind, it offers multiple color choices and optional roofing configurations to suit your environment. Available with wooden, bamboo, [&hellip;]<\/p>","protected":false},"featured_media":2563,"template":"","meta":{"site-sidebar-layout":"default","site-content-layout":"","ast-site-content-layout":"","site-content-style":"default","site-sidebar-style":"default","ast-global-header-display":"","ast-banner-title-visibility":"","ast-main-header-display":"","ast-hfb-above-header-display":"","ast-hfb-below-header-display":"","ast-hfb-mobile-header-display":"","site-post-title":"","ast-breadcrumbs-content":"","ast-featured-img":"","footer-sml-layout":"","theme-transparent-header-meta":"","adv-header-id-meta":"","stick-header-meta":"","header-above-stick-meta":"","header-main-stick-meta":"","header-below-stick-meta":"","astra-migrate-meta-layouts":"default","ast-page-background-enabled":"default","ast-page-background-meta":{"desktop":{"background-color":"","background-image":"","background-repeat":"repeat","background-position":"center center","background-size":"auto","background-attachment":"scroll","background-type":"","background-media":"","overlay-type":"","overlay-color":"","overlay-opacity":"","overlay-gradient":""},"tablet":{"background-color":"","background-image":"","background-repeat":"repeat","background-position":"center center","background-size":"auto","background-attachment":"scroll","background-type":"","background-media":"","overlay-type":"","overlay-color":"","overlay-opacity":"","overlay-gradient":""},"mobile":{"background-color":"","background-image":"","background-repeat":"repeat","background-position":"center center","background-size":"auto","background-attachment":"scroll","background-type":"","background-media":"","overlay-type":"","overlay-color":"","overlay-opacity":"","overlay-gradient":""}},"ast-content-background-meta":{"desktop":{"background-color":"var(--ast-global-color-5)","background-image":"","background-repeat":"repeat","background-position":"center center","background-size":"auto","background-attachment":"scroll","background-type":"","background-media":"","overlay-type":"","overlay-color":"","overlay-opacity":"","overlay-gradient":""},"tablet":{"background-color":"var(--ast-global-color-5)","background-image":"","background-repeat":"repeat","background-position":"center center","background-size":"auto","background-attachment":"scroll","background-type":"","background-media":"","overlay-type":"","overlay-color":"","overlay-opacity":"","overlay-gradient":""},"mobile":{"background-color":"var(--ast-global-color-5)","background-image":"","background-repeat":"repeat","background-position":"center center","background-size":"auto","background-attachment":"scroll","background-type":"","background-media":"","overlay-type":"","overlay-color":"","overlay-opacity":"","overlay-gradient":""}}},"product_brand":[],"product_cat":[75],"product_tag":[],"class_list":{"0":"post-2564","1":"product","2":"type-product","3":"status-publish","4":"has-post-thumbnail","6":"product_cat-horse-walker","7":"desktop-align-center","8":"tablet-align-left","9":"mobile-align-left","11":"first","12":"instock","13":"shipping-taxable","14":"product-type-external"},"_links":{"self":[{"href":"https:\/\/chinajumps.com\/fr\/wp-json\/wp\/v2\/product\/2564","targetHints":{"allow":["GET"]}}],"collection":[{"href":"https:\/\/chinajumps.com\/fr\/wp-json\/wp\/v2\/product"}],"about":[{"href":"https:\/\/chinajumps.com\/fr\/wp-json\/wp\/v2\/types\/product"}],"wp:featuredmedia":[{"embeddable":true,"href":"https:\/\/chinajumps.com\/fr\/wp-json\/wp\/v2\/media\/2563"}],"wp:attachment":[{"href":"https:\/\/chinajumps.com\/fr\/wp-json\/wp\/v2\/media?parent=2564"}],"wp:term":[{"taxonomy":"product_brand","embeddable":true,"href":"https:\/\/chinajumps.com\/fr\/wp-json\/wp\/v2\/product_brand?post=2564"},{"taxonomy":"product_cat","embeddable":true,"href":"https:\/\/chinajumps.com\/fr\/wp-json\/wp\/v2\/product_cat?post=2564"},{"taxonomy":"product_tag","embeddable":true,"href":"https:\/\/chinajumps.com\/fr\/wp-json\/wp\/v2\/product_tag?post=2564"}],"curies":[{"name":"wp","href":"https:\/\/api.w.org\/{rel}","templated":true}]}}