{"id":2586,"date":"2025-07-09T16:13:07","date_gmt":"2025-07-09T16:13:07","guid":{"rendered":"https:\/\/www.chinajumps.com\/product\/reeds-premium-horse-walking-machine-for-effective-training-and-exercise\/"},"modified":"2025-07-09T19:29:02","modified_gmt":"2025-07-09T19:29:02","slug":"reeds-premium-horse-walking-machine-for-effective-training-and-exercise","status":"publish","type":"product","link":"https:\/\/chinajumps.com\/fr\/produit\/reeds-premium-horse-walking-machine-for-effective-training-and-exercise\/","title":{"rendered":"Machine de marche pour chevaux Reeds Premium pour un entra\u00eenement et un exercice efficaces"},"content":{"rendered":"<p><strong>Reeds HW-03 : L'ultime machine d'entra\u00eenement pour chevaux, con\u00e7ue pour la performance et la s\u00e9curit\u00e9.<\/strong><\/p>\n<p>Con\u00e7ue avec pr\u00e9cision et durabilit\u00e9, la Reeds HW-03 offre des capacit\u00e9s de dressage de chevaux fiables, couvertes par une garantie d'un an. Fabriqu\u00e9e en acier HDG de haute qualit\u00e9 et \u00e9quip\u00e9e d'un moteur MOTOVARIO, cette machine assure un fonctionnement r\u00e9gulier avec une vitesse maximale inf\u00e9rieure \u00e0 15 km\/h.<\/p>\n<p>Son armature robuste de 500 kg et son diam\u00e8tre de 12 m\u00e8tres offrent suffisamment d'espace et de stabilit\u00e9 pour des s\u00e9ances d'entra\u00eenement efficaces. Choisissez entre une demi-couverture ou une couverture compl\u00e8te pour vous adapter \u00e0 votre environnement et prot\u00e9ger vos chevaux pendant les s\u00e9ances d'entra\u00eenement.<\/p>\n<p><strong>Principales caract\u00e9ristiques et avantages :<\/strong><\/p>\n<p>- Con\u00e7us selon des normes de s\u00e9curit\u00e9 \u00e9lev\u00e9es pour prot\u00e9ger les chevaux et les personnes qui les manipulent.<\/p>\n<p>- Equip\u00e9 d'un puissant moteur MOTOVARIO fonctionnant sur 220V pour des performances efficaces.<\/p>\n<p>- Il est accompagn\u00e9 d'un rapport d'essai complet des machines et d'une inspection vid\u00e9o \u00e0 la sortie pour l'assurance de la qualit\u00e9.<\/p>\n<p>- Convient \u00e0 diverses industries, y compris les exploitations agricoles et les ateliers de mat\u00e9riaux de construction, ce qui garantit une application polyvalente.<\/p>\n<p>- Garantie d'un an sur les principaux composants, y compris le moteur, pour une plus grande tranquillit\u00e9 d'esprit.<\/p>","protected":false},"excerpt":{"rendered":"<p>Reeds HW-03: The Ultimate Horse Training Machine Built for Performance and Safety. Designed with precision and durability, the Reeds HW-03 offers reliable horse training capabilities backed by a 1-year warranty. Crafted from high-quality HDG steel and powered by a MOTOVARIO motor, this machine ensures consistent operation with a top speed under 15 km\/h. Its robust [&hellip;]<\/p>","protected":false},"featured_media":2585,"template":"","meta":{"site-sidebar-layout":"default","site-content-layout":"","ast-site-content-layout":"","site-content-style":"default","site-sidebar-style":"default","ast-global-header-display":"","ast-banner-title-visibility":"","ast-main-header-display":"","ast-hfb-above-header-display":"","ast-hfb-below-header-display":"","ast-hfb-mobile-header-display":"","site-post-title":"","ast-breadcrumbs-content":"","ast-featured-img":"","footer-sml-layout":"","theme-transparent-header-meta":"","adv-header-id-meta":"","stick-header-meta":"","header-above-stick-meta":"","header-main-stick-meta":"","header-below-stick-meta":"","astra-migrate-meta-layouts":"default","ast-page-background-enabled":"default","ast-page-background-meta":{"desktop":{"background-color":"","background-image":"","background-repeat":"repeat","background-position":"center center","background-size":"auto","background-attachment":"scroll","background-type":"","background-media":"","overlay-type":"","overlay-color":"","overlay-opacity":"","overlay-gradient":""},"tablet":{"background-color":"","background-image":"","background-repeat":"repeat","background-position":"center center","background-size":"auto","background-attachment":"scroll","background-type":"","background-media":"","overlay-type":"","overlay-color":"","overlay-opacity":"","overlay-gradient":""},"mobile":{"background-color":"","background-image":"","background-repeat":"repeat","background-position":"center center","background-size":"auto","background-attachment":"scroll","background-type":"","background-media":"","overlay-type":"","overlay-color":"","overlay-opacity":"","overlay-gradient":""}},"ast-content-background-meta":{"desktop":{"background-color":"var(--ast-global-color-5)","background-image":"","background-repeat":"repeat","background-position":"center center","background-size":"auto","background-attachment":"scroll","background-type":"","background-media":"","overlay-type":"","overlay-color":"","overlay-opacity":"","overlay-gradient":""},"tablet":{"background-color":"var(--ast-global-color-5)","background-image":"","background-repeat":"repeat","background-position":"center center","background-size":"auto","background-attachment":"scroll","background-type":"","background-media":"","overlay-type":"","overlay-color":"","overlay-opacity":"","overlay-gradient":""},"mobile":{"background-color":"var(--ast-global-color-5)","background-image":"","background-repeat":"repeat","background-position":"center center","background-size":"auto","background-attachment":"scroll","background-type":"","background-media":"","overlay-type":"","overlay-color":"","overlay-opacity":"","overlay-gradient":""}}},"product_brand":[],"product_cat":[75],"product_tag":[],"class_list":{"0":"post-2586","1":"product","2":"type-product","3":"status-publish","4":"has-post-thumbnail","6":"product_cat-horse-walker","7":"desktop-align-center","8":"tablet-align-left","9":"mobile-align-left","11":"first","12":"instock","13":"shipping-taxable","14":"product-type-external"},"_links":{"self":[{"href":"https:\/\/chinajumps.com\/fr\/wp-json\/wp\/v2\/product\/2586","targetHints":{"allow":["GET"]}}],"collection":[{"href":"https:\/\/chinajumps.com\/fr\/wp-json\/wp\/v2\/product"}],"about":[{"href":"https:\/\/chinajumps.com\/fr\/wp-json\/wp\/v2\/types\/product"}],"wp:featuredmedia":[{"embeddable":true,"href":"https:\/\/chinajumps.com\/fr\/wp-json\/wp\/v2\/media\/2585"}],"wp:attachment":[{"href":"https:\/\/chinajumps.com\/fr\/wp-json\/wp\/v2\/media?parent=2586"}],"wp:term":[{"taxonomy":"product_brand","embeddable":true,"href":"https:\/\/chinajumps.com\/fr\/wp-json\/wp\/v2\/product_brand?post=2586"},{"taxonomy":"product_cat","embeddable":true,"href":"https:\/\/chinajumps.com\/fr\/wp-json\/wp\/v2\/product_cat?post=2586"},{"taxonomy":"product_tag","embeddable":true,"href":"https:\/\/chinajumps.com\/fr\/wp-json\/wp\/v2\/product_tag?post=2586"}],"curies":[{"name":"wp","href":"https:\/\/api.w.org\/{rel}","templated":true}]}}