{"id":2592,"date":"2025-07-09T16:14:15","date_gmt":"2025-07-09T16:14:15","guid":{"rendered":"https:\/\/www.chinajumps.com\/product\/reeds-patented-arena-leveller-premium-german-engineered-sand-leveler-tool\/"},"modified":"2025-07-09T19:29:02","modified_gmt":"2025-07-09T19:29:02","slug":"reeds-patented-arena-leveller-premium-german-engineered-sand-leveler-tool","status":"publish","type":"product","link":"https:\/\/chinajumps.com\/fr\/produit\/reeds-patented-arena-leveller-premium-german-engineered-sand-leveler-tool\/","title":{"rendered":"Reeds Patented Arena Leveller Premium German Engineered Sand Leveler Tool (Outil de nivellement du sable brevet\u00e9 par Reeds)"},"content":{"rendered":"<p><strong>Con\u00e7u pour une fiabilit\u00e9 et une pr\u00e9cision in\u00e9gal\u00e9es dans tous les levages.<\/strong><\/p>\n<p>Fabriqu\u00e9e \u00e0 Zhejiang, en Chine, par Reeds &amp; Cavaletti, cette solution de levage associe une construction robuste \u00e0 des performances polyvalentes. Ses principaux composants - moteur, bo\u00eete de vitesses, moteur et engrenage - assurent un fonctionnement souple en mode automatique et manuel, s'adaptant ainsi parfaitement \u00e0 votre flux de travail.<\/p>\n<p>La finition rouge distinctive s'harmonise avec une plage de pliage de 40 \u00e0 70, ce qui permet de l'utiliser dans un large \u00e9ventail d'applications. Con\u00e7ue avec un attelage 3 points s\u00e9curis\u00e9 ou une m\u00e9thode d'attelage ATV, elle garantit une fixation stable et s\u00fbre \u00e0 chaque fois.<\/p>\n<p><strong>Composants de base durables<\/strong> assurent un fonctionnement durable et fiable.<\/p>\n<p><strong>Modes de levage flexibles<\/strong> vous permettent de passer facilement de la commande automatique \u00e0 la commande manuelle.<\/p>\n<p><strong>Fixation s\u00fbre<\/strong> L'attelage 3 points ou l'attelage ATV garantit la stabilit\u00e9.<\/p>\n<p><strong>Contr\u00f4les de qualit\u00e9 complets<\/strong> comprennent une inspection vid\u00e9o et un rapport d'essai d\u00e9taill\u00e9 des machines.<\/p>\n<p><strong>Un emballage s\u00fbr et efficace<\/strong> sur palettes garantit que votre produit arrive en parfait \u00e9tat.<\/p>","protected":false},"excerpt":{"rendered":"<p>Engineered for unmatched reliability and precision in every lift. Crafted in Zhejiang, China by Reeds &amp; Cavaletti, this lifting solution combines robust construction with versatile performance. Its core components\u2014engine, gearbox, motor, and gear\u2014deliver smooth operation in both automatic and manual modes, adapting seamlessly to your workflow. The distinctive red finish complements a fold extent range [&hellip;]<\/p>","protected":false},"featured_media":2591,"template":"","meta":{"site-sidebar-layout":"default","site-content-layout":"","ast-site-content-layout":"","site-content-style":"default","site-sidebar-style":"default","ast-global-header-display":"","ast-banner-title-visibility":"","ast-main-header-display":"","ast-hfb-above-header-display":"","ast-hfb-below-header-display":"","ast-hfb-mobile-header-display":"","site-post-title":"","ast-breadcrumbs-content":"","ast-featured-img":"","footer-sml-layout":"","theme-transparent-header-meta":"","adv-header-id-meta":"","stick-header-meta":"","header-above-stick-meta":"","header-main-stick-meta":"","header-below-stick-meta":"","astra-migrate-meta-layouts":"default","ast-page-background-enabled":"default","ast-page-background-meta":{"desktop":{"background-color":"","background-image":"","background-repeat":"repeat","background-position":"center center","background-size":"auto","background-attachment":"scroll","background-type":"","background-media":"","overlay-type":"","overlay-color":"","overlay-opacity":"","overlay-gradient":""},"tablet":{"background-color":"","background-image":"","background-repeat":"repeat","background-position":"center center","background-size":"auto","background-attachment":"scroll","background-type":"","background-media":"","overlay-type":"","overlay-color":"","overlay-opacity":"","overlay-gradient":""},"mobile":{"background-color":"","background-image":"","background-repeat":"repeat","background-position":"center center","background-size":"auto","background-attachment":"scroll","background-type":"","background-media":"","overlay-type":"","overlay-color":"","overlay-opacity":"","overlay-gradient":""}},"ast-content-background-meta":{"desktop":{"background-color":"var(--ast-global-color-5)","background-image":"","background-repeat":"repeat","background-position":"center center","background-size":"auto","background-attachment":"scroll","background-type":"","background-media":"","overlay-type":"","overlay-color":"","overlay-opacity":"","overlay-gradient":""},"tablet":{"background-color":"var(--ast-global-color-5)","background-image":"","background-repeat":"repeat","background-position":"center center","background-size":"auto","background-attachment":"scroll","background-type":"","background-media":"","overlay-type":"","overlay-color":"","overlay-opacity":"","overlay-gradient":""},"mobile":{"background-color":"var(--ast-global-color-5)","background-image":"","background-repeat":"repeat","background-position":"center center","background-size":"auto","background-attachment":"scroll","background-type":"","background-media":"","overlay-type":"","overlay-color":"","overlay-opacity":"","overlay-gradient":""}}},"product_brand":[],"product_cat":[73],"product_tag":[],"class_list":{"0":"post-2592","1":"product","2":"type-product","3":"status-publish","4":"has-post-thumbnail","6":"product_cat-arena-leveler","7":"desktop-align-center","8":"tablet-align-left","9":"mobile-align-left","11":"first","12":"instock","13":"shipping-taxable","14":"product-type-external"},"_links":{"self":[{"href":"https:\/\/chinajumps.com\/fr\/wp-json\/wp\/v2\/product\/2592","targetHints":{"allow":["GET"]}}],"collection":[{"href":"https:\/\/chinajumps.com\/fr\/wp-json\/wp\/v2\/product"}],"about":[{"href":"https:\/\/chinajumps.com\/fr\/wp-json\/wp\/v2\/types\/product"}],"wp:featuredmedia":[{"embeddable":true,"href":"https:\/\/chinajumps.com\/fr\/wp-json\/wp\/v2\/media\/2591"}],"wp:attachment":[{"href":"https:\/\/chinajumps.com\/fr\/wp-json\/wp\/v2\/media?parent=2592"}],"wp:term":[{"taxonomy":"product_brand","embeddable":true,"href":"https:\/\/chinajumps.com\/fr\/wp-json\/wp\/v2\/product_brand?post=2592"},{"taxonomy":"product_cat","embeddable":true,"href":"https:\/\/chinajumps.com\/fr\/wp-json\/wp\/v2\/product_cat?post=2592"},{"taxonomy":"product_tag","embeddable":true,"href":"https:\/\/chinajumps.com\/fr\/wp-json\/wp\/v2\/product_tag?post=2592"}],"curies":[{"name":"wp","href":"https:\/\/api.w.org\/{rel}","templated":true}]}}