{"id":2635,"date":"2025-07-09T16:20:00","date_gmt":"2025-07-09T16:20:00","guid":{"rendered":"https:\/\/www.chinajumps.com\/product\/horse-training-treadmill-with-powerful-motor-for-efficient-workouts\/"},"modified":"2025-12-15T08:05:11","modified_gmt":"2025-12-15T08:05:11","slug":"professional-horse-treadmill-bestseller","status":"publish","type":"product","link":"https:\/\/chinajumps.com\/fr\/produit\/professional-horse-treadmill-bestseller\/","title":{"rendered":"Tapis de course pour chevaux avec moteur puissant pour des s\u00e9ances d'entra\u00eenement efficaces"},"content":{"rendered":"<h1>Tapis roulant professionnel pour chevaux : La solution ultime pour l'entra\u00eenement et la r\u00e9\u00e9ducation des chevaux<\/h1>\n<h2>Pr\u00e9sentation du produit :<\/h2>\n<div class=\"auto-hide-last-sibling-br paragraph-pP9ZLC paragraph-element br-paragraph-space\">Lorsqu'il s'agit d'optimiser les performances des \u00e9quid\u00e9s et de favoriser leur r\u00e9tablissement apr\u00e8s une blessure, un\u00a0<strong>Tapis de course professionnel pour chevaux<\/strong>\u00a0est la r\u00e9f\u00e9rence pour les cavaliers, les entra\u00eeneurs et les th\u00e9rapeutes \u00e9quins du monde entier. Con\u00e7us pour r\u00e9pondre aux exigences rigoureuses de l'entra\u00eenement des chevaux de comp\u00e9tition et des programmes de r\u00e9\u00e9ducation sp\u00e9cialis\u00e9s, nos\u00a0<strong>Tapis de course professionnel pour chevaux<\/strong> combine une ing\u00e9nierie de pointe, la s\u00e9curit\u00e9 et la polyvalence, ce qui en fait un outil indispensable pour tous ceux qui s'investissent dans les soins \u00e9quins. Pour plus d'informations, veuillez consulter <a href=\"https:\/\/chinajumps.com\/fr\/\">ici<\/a>.<\/div>\n<div class=\"container-Uxvbjy md-box-line-break wrapper-GYqxgQ undefined\"><\/div>\n<div class=\"auto-hide-last-sibling-br paragraph-pP9ZLC paragraph-element br-paragraph-space\">Contrairement \u00e0 l'\u00e9quipement d'exercice de base, un\u00a0<strong>Tapis de course professionnel pour chevaux<\/strong>\u00a0est con\u00e7u pour s'adapter \u00e0 la physiologie unique des chevaux, qu'il s'agisse de poneys ou de grandes races performantes. Notre mod\u00e8le, en particulier, offre une vitesse de pointe de 45 km\/h, bien sup\u00e9rieure \u00e0 celle des mod\u00e8les standard, afin de simuler des s\u00e9ances d'entra\u00eenement de haute intensit\u00e9 qui refl\u00e8tent les conditions r\u00e9elles d'\u00e9quitation. Qu'il s'agisse de pr\u00e9parer un cheval de course \u00e0 une vitesse maximale, de d\u00e9velopper l'endurance d'un sauteur ou de favoriser le retour progressif \u00e0 la mobilit\u00e9 d'un cheval apr\u00e8s une blessure, cet appareil est id\u00e9al pour les chevaux de course et les chevaux de sport.\u00a0<strong>Tapis de course pour l'entra\u00eenement des chevaux<\/strong>\u00a0offre des s\u00e9ances d'entra\u00eenement contr\u00f4l\u00e9es et personnalisables qui r\u00e9pondent aux besoins sp\u00e9cifiques de votre cheval.<img loading=\"lazy\" decoding=\"async\" class=\"aligncenter wp-image-4296 size-large\" src=\"https:\/\/www.chinajumps.com\/wp-content\/uploads\/2025\/07\/b591b245-f5a6-4c9b-aade-be7c37a1247e-1024x1024.jpg\" alt=\"Professional Horse Treadmill\" width=\"1024\" height=\"1024\" srcset=\"https:\/\/chinajumps.com\/wp-content\/uploads\/2025\/07\/b591b245-f5a6-4c9b-aade-be7c37a1247e-1024x1024.jpg 1024w, https:\/\/chinajumps.com\/wp-content\/uploads\/2025\/07\/b591b245-f5a6-4c9b-aade-be7c37a1247e-300x300.jpg 300w, https:\/\/chinajumps.com\/wp-content\/uploads\/2025\/07\/b591b245-f5a6-4c9b-aade-be7c37a1247e-150x150.jpg 150w, https:\/\/chinajumps.com\/wp-content\/uploads\/2025\/07\/b591b245-f5a6-4c9b-aade-be7c37a1247e-768x768.jpg 768w, https:\/\/chinajumps.com\/wp-content\/uploads\/2025\/07\/b591b245-f5a6-4c9b-aade-be7c37a1247e-1536x1536.jpg 1536w, https:\/\/chinajumps.com\/wp-content\/uploads\/2025\/07\/b591b245-f5a6-4c9b-aade-be7c37a1247e-12x12.jpg 12w, https:\/\/chinajumps.com\/wp-content\/uploads\/2025\/07\/b591b245-f5a6-4c9b-aade-be7c37a1247e-600x600.jpg 600w, https:\/\/chinajumps.com\/wp-content\/uploads\/2025\/07\/b591b245-f5a6-4c9b-aade-be7c37a1247e-100x100.jpg 100w, https:\/\/chinajumps.com\/wp-content\/uploads\/2025\/07\/b591b245-f5a6-4c9b-aade-be7c37a1247e.jpg 2048w\" sizes=\"auto, (max-width: 1024px) 100vw, 1024px\" \/><\/div>\n<div class=\"container-Uxvbjy md-box-line-break wrapper-GYqxgQ undefined\"><\/div>\n<div class=\"auto-hide-last-sibling-br paragraph-pP9ZLC paragraph-element br-paragraph-space\">Ce qui d\u00e9termine notre\u00a0<strong>Tapis de course professionnel pour chevaux<\/strong>\u00a0L'engagement de l'entreprise en faveur de la qualit\u00e9 et de la conformit\u00e9 est un \u00e9l\u00e9ment essentiel de la r\u00e9ussite de l'entreprise. Chaque appareil est prot\u00e9g\u00e9 par des brevets nationaux, ce qui t\u00e9moigne de ses caract\u00e9ristiques de conception innovantes, notamment les r\u00e9glages de vitesse, les bo\u00eetiers de s\u00e9curit\u00e9 et les commandes intuitives qui permettent aux entra\u00eeneurs de prendre le contr\u00f4le de l'appareil. En outre, tous nos tapis de course sont soumis \u00e0 des tests CE rigoureux, garantissant qu'ils r\u00e9pondent aux normes europ\u00e9ennes strictes en mati\u00e8re de s\u00e9curit\u00e9 et de performances. Cette double validation (protection par brevet + certification CE) garantit non seulement la fiabilit\u00e9, mais donne \u00e9galement aux acheteurs l'assurance qu'ils investissent dans un \u00e9quipement qui privil\u00e9gie la s\u00e9curit\u00e9 des \u00e9quid\u00e9s et la durabilit\u00e9 \u00e0 long terme.<\/div>\n<div class=\"container-Uxvbjy md-box-line-break wrapper-GYqxgQ undefined\"><\/div>\n<div class=\"auto-hide-last-sibling-br paragraph-pP9ZLC paragraph-element br-paragraph-space\">La polyvalence d'un\u00a0<strong>Tapis de course professionnel pour chevaux<\/strong>\u00a0le rend indispensable pour l'entra\u00eenement et la r\u00e9\u00e9ducation. Pour les chevaux de comp\u00e9tition, il permet des s\u00e9ances d'entra\u00eenement coh\u00e9rentes et ind\u00e9pendantes des conditions m\u00e9t\u00e9orologiques : plus de s\u00e9ances annul\u00e9es \u00e0 cause de la pluie, de la neige ou de temp\u00e9ratures extr\u00eames. Les entra\u00eeneurs peuvent programmer des augmentations progressives de la vitesse, des entra\u00eenements par intervalles ou des courses d'endurance \u00e0 l'\u00e9tat stable pour atteindre des objectifs de condition physique sp\u00e9cifiques, tout en surveillant l'allure et l'effort du cheval dans un environnement contr\u00f4l\u00e9. Pour la r\u00e9\u00e9ducation, le\u00a0<strong>Tapis de course pour l'entra\u00eenement des chevaux<\/strong>\u00a0permet un mouvement graduel \u00e0 faible impact qui favorise la r\u00e9cup\u00e9ration musculaire, la mobilit\u00e9 des articulations et l'\u00e9quilibre sans le stress d'un terrain accident\u00e9. Les th\u00e9rapeutes \u00e9quins s'en servent souvent pour concevoir des plans de r\u00e9cup\u00e9ration sur mesure qui r\u00e9duisent le risque de nouvelles blessures et acc\u00e9l\u00e8rent la gu\u00e9rison.<\/div>\n<div class=\"container-Uxvbjy md-box-line-break wrapper-GYqxgQ undefined\"><\/div>\n<div class=\"auto-hide-last-sibling-br paragraph-pP9ZLC paragraph-element br-paragraph-space\">La demande mondiale pour nos\u00a0<strong>Tapis de course professionnel pour chevaux<\/strong>\u00a0t\u00e9moigne de sa r\u00e9putation : nous exp\u00e9dions 4 \u00e0 5 unit\u00e9s par mois \u00e0 des clients de tous les continents, qu'il s'agisse de centres \u00e9questres en Europe, de centres d'entra\u00eenement en Am\u00e9rique du Nord ou d'\u00e9curies de sport en Asie. Les cavaliers choisissent notre mod\u00e8le non seulement pour sa vitesse et sa conformit\u00e9, mais aussi pour sa fonctionnalit\u00e9 tout-en-un : chaque appareil est \u00e9quip\u00e9 de caract\u00e9ristiques essentielles telles que des boutons d'arr\u00eat d'urgence, des surfaces de roulement antid\u00e9rapantes et des protections lat\u00e9rales r\u00e9glables pour assurer la s\u00e9curit\u00e9 du cheval pendant toute la dur\u00e9e de la s\u00e9ance. Le panneau de commande convivial permet des r\u00e9glages pr\u00e9cis de la vitesse, de la dur\u00e9e de l'entra\u00eenement et du suivi des progr\u00e8s, ce qui le rend accessible aussi bien aux entra\u00eeneurs exp\u00e9riment\u00e9s qu'aux novices en mati\u00e8re de soins \u00e9quins.<\/div>\n<div class=\"container-Uxvbjy md-box-line-break wrapper-GYqxgQ undefined\"><\/div>\n<div class=\"auto-hide-last-sibling-br paragraph-pP9ZLC paragraph-element br-paragraph-space\">Investir dans un\u00a0<strong>Tapis de course professionnel pour chevaux<\/strong>\u00a0est un investissement dans la sant\u00e9 et la performance \u00e0 long terme de votre cheval. Contrairement \u00e0 l'exercice en plein air, qui expose les chevaux \u00e0 des terrains variables et \u00e0 des risques environnementaux, cet exercice est un investissement dans la sant\u00e9 et la performance \u00e0 long terme de votre cheval.\u00a0<strong>Tapis de course pour l'entra\u00eenement des chevaux<\/strong>\u00a0offre un espace coh\u00e9rent et contr\u00f4l\u00e9 pour d\u00e9velopper la force, l'endurance et l'agilit\u00e9. Sa conception prot\u00e9g\u00e9e par un brevet et sa construction certifi\u00e9e CE signifient que vous obtenez un produit con\u00e7u pour durer, m\u00eame en cas d'utilisation intensive et r\u00e9guli\u00e8re. Que vous soyez un entra\u00eeneur professionnel g\u00e9rant une \u00e9curie de chevaux de performance ou un propri\u00e9taire de chevaux soucieux de la r\u00e9cup\u00e9ration de son animal, cet \u00e9quipement permet d'obtenir des r\u00e9sultats qui se traduisent par de meilleures performances dans le ring, sur la piste ou dans l'activit\u00e9 quotidienne.<\/div>\n<h3 class=\"container-Uxvbjy md-box-line-break wrapper-GYqxgQ undefined\">Conclusion :<\/h3>\n<div class=\"auto-hide-last-sibling-br paragraph-pP9ZLC paragraph-element br-paragraph-space\">En conclusion, un\u00a0<strong>Tapis de course professionnel pour chevaux<\/strong>\u00a0est plus qu'un simple \u00e9quipement d'exercice : c'est un outil polyvalent, s\u00fbr et tr\u00e8s performant qui am\u00e9liore l'entra\u00eenement et la r\u00e9\u00e9ducation des chevaux. Avec sa vitesse maximale de 45 km\/h, sa protection par brevet, sa conformit\u00e9 CE et sa popularit\u00e9 mondiale, c'est le choix par excellence pour tous ceux qui cherchent \u00e0 d\u00e9velopper le potentiel de leur cheval.<\/div>","protected":false},"excerpt":{"rendered":"<p>Professional Horse Treadmill: The Ultimate Solution for Equine Training &amp; Rehabilitation Product Introduction: When it comes to optimizing equine performance and supporting post-injury recovery, a\u00a0Professional Horse Treadmill\u00a0stands as the gold standard for equestrians, trainers, and equine therapists worldwide. Designed to meet the rigorous demands of both competitive horse training and specialized rehabilitation programs, our\u00a0Professional Horse [&hellip;]<\/p>","protected":false},"featured_media":4292,"template":"","meta":{"site-sidebar-layout":"default","site-content-layout":"","ast-site-content-layout":"default","site-content-style":"default","site-sidebar-style":"default","ast-global-header-display":"","ast-banner-title-visibility":"","ast-main-header-display":"","ast-hfb-above-header-display":"","ast-hfb-below-header-display":"","ast-hfb-mobile-header-display":"","site-post-title":"","ast-breadcrumbs-content":"","ast-featured-img":"","footer-sml-layout":"","theme-transparent-header-meta":"default","adv-header-id-meta":"","stick-header-meta":"","header-above-stick-meta":"","header-main-stick-meta":"","header-below-stick-meta":"","astra-migrate-meta-layouts":"set","ast-page-background-enabled":"default","ast-page-background-meta":{"desktop":{"background-color":"","background-image":"","background-repeat":"repeat","background-position":"center center","background-size":"auto","background-attachment":"scroll","background-type":"","background-media":"","overlay-type":"","overlay-color":"","overlay-opacity":"","overlay-gradient":""},"tablet":{"background-color":"","background-image":"","background-repeat":"repeat","background-position":"center center","background-size":"auto","background-attachment":"scroll","background-type":"","background-media":"","overlay-type":"","overlay-color":"","overlay-opacity":"","overlay-gradient":""},"mobile":{"background-color":"","background-image":"","background-repeat":"repeat","background-position":"center center","background-size":"auto","background-attachment":"scroll","background-type":"","background-media":"","overlay-type":"","overlay-color":"","overlay-opacity":"","overlay-gradient":""}},"ast-content-background-meta":{"desktop":{"background-color":"var(--ast-global-color-5)","background-image":"","background-repeat":"repeat","background-position":"center center","background-size":"auto","background-attachment":"scroll","background-type":"","background-media":"","overlay-type":"","overlay-color":"","overlay-opacity":"","overlay-gradient":""},"tablet":{"background-color":"var(--ast-global-color-5)","background-image":"","background-repeat":"repeat","background-position":"center center","background-size":"auto","background-attachment":"scroll","background-type":"","background-media":"","overlay-type":"","overlay-color":"","overlay-opacity":"","overlay-gradient":""},"mobile":{"background-color":"var(--ast-global-color-5)","background-image":"","background-repeat":"repeat","background-position":"center center","background-size":"auto","background-attachment":"scroll","background-type":"","background-media":"","overlay-type":"","overlay-color":"","overlay-opacity":"","overlay-gradient":""}}},"product_brand":[],"product_cat":[74],"product_tag":[],"class_list":{"0":"post-2635","1":"product","2":"type-product","3":"status-publish","4":"has-post-thumbnail","6":"product_cat-horse-treadmill","7":"desktop-align-center","8":"tablet-align-left","9":"mobile-align-left","11":"first","12":"instock","13":"shipping-taxable","14":"product-type-external"},"_links":{"self":[{"href":"https:\/\/chinajumps.com\/fr\/wp-json\/wp\/v2\/product\/2635","targetHints":{"allow":["GET"]}}],"collection":[{"href":"https:\/\/chinajumps.com\/fr\/wp-json\/wp\/v2\/product"}],"about":[{"href":"https:\/\/chinajumps.com\/fr\/wp-json\/wp\/v2\/types\/product"}],"wp:featuredmedia":[{"embeddable":true,"href":"https:\/\/chinajumps.com\/fr\/wp-json\/wp\/v2\/media\/4292"}],"wp:attachment":[{"href":"https:\/\/chinajumps.com\/fr\/wp-json\/wp\/v2\/media?parent=2635"}],"wp:term":[{"taxonomy":"product_brand","embeddable":true,"href":"https:\/\/chinajumps.com\/fr\/wp-json\/wp\/v2\/product_brand?post=2635"},{"taxonomy":"product_cat","embeddable":true,"href":"https:\/\/chinajumps.com\/fr\/wp-json\/wp\/v2\/product_cat?post=2635"},{"taxonomy":"product_tag","embeddable":true,"href":"https:\/\/chinajumps.com\/fr\/wp-json\/wp\/v2\/product_tag?post=2635"}],"curies":[{"name":"wp","href":"https:\/\/api.w.org\/{rel}","templated":true}]}}