{"id":2693,"date":"2025-07-09T16:29:02","date_gmt":"2025-07-09T16:29:02","guid":{"rendered":"https:\/\/www.chinajumps.com\/product\/premium-synthetic-fiber-blend-for-dressage-and-jumping-arena-footing\/"},"modified":"2025-07-09T19:29:01","modified_gmt":"2025-07-09T19:29:01","slug":"premium-synthetic-fiber-blend-for-dressage-and-jumping-arena-footing","status":"publish","type":"product","link":"https:\/\/chinajumps.com\/fr\/produit\/premium-synthetic-fiber-blend-for-dressage-and-jumping-arena-footing\/","title":{"rendered":"M\u00e9lange de fibres synth\u00e9tiques de premi\u00e8re qualit\u00e9 pour le dressage et le saut d'obstacles."},"content":{"rendered":"<p><strong>Sable d'ar\u00e8ne durable en polyester synth\u00e9tique con\u00e7u pour le dressage et le saut d'obstacles professionnels.<\/strong><\/p>\n<p>Fabriqu\u00e9 en polyester synth\u00e9tique de haute qualit\u00e9, ce sable de man\u00e8ge offre une durabilit\u00e9 et des performances exceptionnelles pour les sports \u00e9questres. Disponible en vert ou en blanc, il r\u00e9pond aux exigences rigoureuses du dressage et du saut d'obstacles, garantissant une surface r\u00e9guli\u00e8re et fiable.<\/p>\n<p>Fabriqu\u00e9 \u00e0 Zhejiang, en Chine, et con\u00e7u pour les march\u00e9s d'Europe et d'Am\u00e9rique, ce produit peut \u00eatre personnalis\u00e9 avec des dessins et des logos pour r\u00e9pondre \u00e0 vos besoins sp\u00e9cifiques en mati\u00e8re d'image de marque.<\/p>\n<p><strong>Caract\u00e9ristiques principales :<\/strong><\/p>\n<p>Le mat\u00e9riau en polyester synth\u00e9tique de premi\u00e8re qualit\u00e9 offre une durabilit\u00e9 et une r\u00e9silience \u00e0 long terme.<\/p>\n<p>Disponible en vert ou en blanc pour s'adapter aux diff\u00e9rentes esth\u00e9tiques des ar\u00e8nes.<\/p>\n<p>Logo et options de conception personnalisables pour une image de marque personnalis\u00e9e.<\/p>\n<p>Propos\u00e9 en plusieurs ensembles combin\u00e9s comprenant 4, 5 ou 6+ tonnes pour s'adapter \u00e0 diff\u00e9rentes tailles de projets.<\/p>\n<p>Emball\u00e9s dans des sacs de sable pour une manipulation et un transport efficaces.<\/p>","protected":false},"excerpt":{"rendered":"<p>Durable Synthetic Polyester Arena Sand Designed for Professional Dressage and Jumping. Crafted with high-quality synthetic polyester, this arena sand offers exceptional durability and performance for equestrian sports. Available in green or white, it meets the rigorous demands of dressage and arena jumping, ensuring a consistent and reliable surface. Manufactured in Zhejiang, China, and tailored for [&hellip;]<\/p>","protected":false},"featured_media":2692,"template":"","meta":{"site-sidebar-layout":"default","site-content-layout":"","ast-site-content-layout":"","site-content-style":"default","site-sidebar-style":"default","ast-global-header-display":"","ast-banner-title-visibility":"","ast-main-header-display":"","ast-hfb-above-header-display":"","ast-hfb-below-header-display":"","ast-hfb-mobile-header-display":"","site-post-title":"","ast-breadcrumbs-content":"","ast-featured-img":"","footer-sml-layout":"","theme-transparent-header-meta":"","adv-header-id-meta":"","stick-header-meta":"","header-above-stick-meta":"","header-main-stick-meta":"","header-below-stick-meta":"","astra-migrate-meta-layouts":"default","ast-page-background-enabled":"default","ast-page-background-meta":{"desktop":{"background-color":"","background-image":"","background-repeat":"repeat","background-position":"center center","background-size":"auto","background-attachment":"scroll","background-type":"","background-media":"","overlay-type":"","overlay-color":"","overlay-opacity":"","overlay-gradient":""},"tablet":{"background-color":"","background-image":"","background-repeat":"repeat","background-position":"center center","background-size":"auto","background-attachment":"scroll","background-type":"","background-media":"","overlay-type":"","overlay-color":"","overlay-opacity":"","overlay-gradient":""},"mobile":{"background-color":"","background-image":"","background-repeat":"repeat","background-position":"center center","background-size":"auto","background-attachment":"scroll","background-type":"","background-media":"","overlay-type":"","overlay-color":"","overlay-opacity":"","overlay-gradient":""}},"ast-content-background-meta":{"desktop":{"background-color":"var(--ast-global-color-5)","background-image":"","background-repeat":"repeat","background-position":"center center","background-size":"auto","background-attachment":"scroll","background-type":"","background-media":"","overlay-type":"","overlay-color":"","overlay-opacity":"","overlay-gradient":""},"tablet":{"background-color":"var(--ast-global-color-5)","background-image":"","background-repeat":"repeat","background-position":"center center","background-size":"auto","background-attachment":"scroll","background-type":"","background-media":"","overlay-type":"","overlay-color":"","overlay-opacity":"","overlay-gradient":""},"mobile":{"background-color":"var(--ast-global-color-5)","background-image":"","background-repeat":"repeat","background-position":"center center","background-size":"auto","background-attachment":"scroll","background-type":"","background-media":"","overlay-type":"","overlay-color":"","overlay-opacity":"","overlay-gradient":""}}},"product_brand":[],"product_cat":[77],"product_tag":[],"class_list":{"0":"post-2693","1":"product","2":"type-product","3":"status-publish","4":"has-post-thumbnail","6":"product_cat-fence-and-arena-fiber","7":"desktop-align-center","8":"tablet-align-left","9":"mobile-align-left","11":"first","12":"instock","13":"shipping-taxable","14":"product-type-external"},"_links":{"self":[{"href":"https:\/\/chinajumps.com\/fr\/wp-json\/wp\/v2\/product\/2693","targetHints":{"allow":["GET"]}}],"collection":[{"href":"https:\/\/chinajumps.com\/fr\/wp-json\/wp\/v2\/product"}],"about":[{"href":"https:\/\/chinajumps.com\/fr\/wp-json\/wp\/v2\/types\/product"}],"wp:featuredmedia":[{"embeddable":true,"href":"https:\/\/chinajumps.com\/fr\/wp-json\/wp\/v2\/media\/2692"}],"wp:attachment":[{"href":"https:\/\/chinajumps.com\/fr\/wp-json\/wp\/v2\/media?parent=2693"}],"wp:term":[{"taxonomy":"product_brand","embeddable":true,"href":"https:\/\/chinajumps.com\/fr\/wp-json\/wp\/v2\/product_brand?post=2693"},{"taxonomy":"product_cat","embeddable":true,"href":"https:\/\/chinajumps.com\/fr\/wp-json\/wp\/v2\/product_cat?post=2693"},{"taxonomy":"product_tag","embeddable":true,"href":"https:\/\/chinajumps.com\/fr\/wp-json\/wp\/v2\/product_tag?post=2693"}],"curies":[{"name":"wp","href":"https:\/\/api.w.org\/{rel}","templated":true}]}}