{"id":2726,"date":"2025-07-09T16:33:54","date_gmt":"2025-07-09T16:33:54","guid":{"rendered":"https:\/\/www.chinajumps.com\/product\/equestrian-training-jump-blocks-lightweight-durable-pvc-material\/"},"modified":"2025-12-15T06:53:11","modified_gmt":"2025-12-15T06:53:11","slug":"premium-pvc-horse-jump-blocks","status":"publish","type":"product","link":"https:\/\/chinajumps.com\/fr\/produit\/premium-pvc-horse-jump-blocks\/","title":{"rendered":"PVC Horse Jump Blocks Blocs de saut d'obstacles pour l'entra\u00eenement \u00e9questre Mat\u00e9riau l\u00e9ger et durable"},"content":{"rendered":"<div data-page-id=\"Mnryf7rwbdnJV6c5aY5cUaPanec\" data-lark-html-role=\"root\" data-docx-has-block-data=\"false\">\n<h1>Vue d'ensemble<\/h1>\n<div class=\"ace-line ace-line old-record-id-WJwsfx5EYda6yMcFUJrc6rmgnWh\">Qu'il s'agisse de l'entra\u00eenement \u00e9questre, de la pr\u00e9paration aux comp\u00e9titions ou m\u00eame des activit\u00e9s quotidiennes des centres \u00e9questres et des clubs d'\u00e9quitation, la qualit\u00e9 et la praticit\u00e9 du mat\u00e9riel d'entra\u00eenement ont une incidence directe sur l'efficacit\u00e9 de l'entra\u00eenement, la s\u00e9curit\u00e9 des cavaliers et des chevaux et le professionnalisme g\u00e9n\u00e9ral de l'\u00e9tablissement. Les blocs de saut d'obstacles RDB01 en PVC, m\u00e9ticuleusement con\u00e7us et fabriqu\u00e9s pour les professionnels de l'\u00e9quitation, les passionn\u00e9s et les \u00e9tablissements d'entra\u00eenement, changent la donne dans le domaine de l'\u00e9quipement de saut d'obstacles pour l'\u00e9quitation. Avec des dimensions pr\u00e9cises de 61x46x39 cm et un poids l\u00e9ger de 3 kg par bloc, ce produit concilie parfaitement portabilit\u00e9, durabilit\u00e9 et performance, ce qui en fait un choix indispensable pour divers sc\u00e9narios \u00e9questres. Si vous souhaitez d'autres produits ou obtenir plus d'informations, veuillez consulter la page suivante \u00a0<a href=\"https:\/\/chinajumps.com\/fr\/\">Ici .<\/a><\/div>\n<div>ou <a href=\"https:\/\/chinajumps.com\/fr\/about-chinajumps-equestrian-equipment-factory\/\">Le pr\u00e9sent<\/a><\/div>\n<h2>Introduction :<\/h2>\n<div class=\"ace-line ace-line old-record-id-B77OflYYJdGAcAcbHWdcRgiRnef\">Tout d'abord, la s\u00e9lection des mat\u00e9riaux des blocs de saut pour chevaux RDB01 refl\u00e8te son engagement en faveur de la qualit\u00e9 et de la long\u00e9vit\u00e9. Fabriqu\u00e9 en PVC de premi\u00e8re qualit\u00e9, ce bloc de saut n'est pas seulement l\u00e9ger, il est aussi tr\u00e8s durable et r\u00e9sistant aux intemp\u00e9ries. Contrairement aux blocs de saut en bois traditionnels qui ont tendance \u00e0 pourrir, \u00e0 se d\u00e9former ou \u00e0 se fissurer lorsqu'ils sont expos\u00e9s \u00e0 la pluie, au soleil ou \u00e0 l'humidit\u00e9, la construction en PVC du RDB01 subit un traitement sp\u00e9cial de stabilisation aux UV. Ce traitement garantit que le bloc peut r\u00e9sister \u00e0 une utilisation prolong\u00e9e en ext\u00e9rieur - qu'il s'agisse de la chaleur torride de l'\u00e9t\u00e9, de fortes pluies ou du gel de l'hiver - sans se d\u00e9colorer, se d\u00e9former ou perdre son int\u00e9grit\u00e9 structurelle. En outre, le mat\u00e9riau PVC est r\u00e9sistant aux chocs, capable de supporter les collisions r\u00e9p\u00e9t\u00e9es avec les chevaux pendant les s\u00e9ances d'entra\u00eenement. Des tests rigoureux ont montr\u00e9 que le bloc de saut RDB01 peut supporter plus de 10 000 cycles de saut, en conservant sa forme et sa stabilit\u00e9, ce qui r\u00e9duit consid\u00e9rablement la fr\u00e9quence de remplacement de l'\u00e9quipement et diminue les co\u00fbts op\u00e9rationnels \u00e0 long terme pour les clubs d'\u00e9quitation et les centres d'entra\u00eenement.<br \/>\n<img loading=\"lazy\" decoding=\"async\" class=\"aligncenter size-full wp-image-4225\" src=\"https:\/\/www.chinajumps.com\/wp-content\/uploads\/2025\/07\/\u5fae\u4fe1\u56fe\u7247_2025-06-30_143030_075.jpg\" alt=\"\" width=\"600\" height=\"400\" srcset=\"https:\/\/chinajumps.com\/wp-content\/uploads\/2025\/07\/\u5fae\u4fe1\u56fe\u7247_2025-06-30_143030_075.jpg 600w, https:\/\/chinajumps.com\/wp-content\/uploads\/2025\/07\/\u5fae\u4fe1\u56fe\u7247_2025-06-30_143030_075-300x200.jpg 300w, https:\/\/chinajumps.com\/wp-content\/uploads\/2025\/07\/\u5fae\u4fe1\u56fe\u7247_2025-06-30_143030_075-18x12.jpg 18w\" sizes=\"auto, (max-width: 600px) 100vw, 600px\" \/><\/div>\n<div class=\"ace-line ace-line old-record-id-IeQwftlFOdkbWUcqUjIcSMvdnfd\">La conception ergonomique et pratique du RDB01 est un autre point fort qui le distingue des blocs de saut ordinaires. Avec un poids de seulement 3 kg par bloc, il est 40% plus l\u00e9ger que les blocs de saut traditionnels en bois ou en b\u00e9ton de taille similaire. Cette caract\u00e9ristique de l\u00e9g\u00e8ret\u00e9 apporte une immense commodit\u00e9 \u00e0 l'installation et \u00e0 la reconfiguration des parcours. Pour les entra\u00eeneurs et le personnel du site, il n'est pas n\u00e9cessaire d'utiliser un \u00e9quipement de levage lourd ou de faire appel \u00e0 plusieurs personnes pour d\u00e9placer les blocs - une seule personne peut facilement les transporter et les placer, ce qui permet de gagner un temps pr\u00e9cieux et de r\u00e9duire les co\u00fbts de main-d'\u0153uvre, en particulier pendant les sessions d'entra\u00eenement tr\u00e8s charg\u00e9es ou lors de la pr\u00e9paration de comp\u00e9titions qui n\u00e9cessitent des ajustements fr\u00e9quents du parcours. Les dimensions compactes de 61x46x39cm rendent le RDB01 tr\u00e8s polyvalent en termes de placement. Il peut \u00eatre utilis\u00e9 comme obstacle autonome pour l'entra\u00eenement des d\u00e9butants, ou empil\u00e9 avec plusieurs blocs pour cr\u00e9er des structures de saut plus hautes et plus complexes pour les cavaliers avanc\u00e9s. Le sommet plat et la base stable garantissent que le bloc reste fermement en place pendant l'utilisation, \u00e9vitant de glisser ou de basculer, ce qui est crucial pour assurer la s\u00e9curit\u00e9 des cavaliers et des chevaux.<\/div>\n<div><img loading=\"lazy\" decoding=\"async\" class=\"aligncenter size-full wp-image-4226\" src=\"https:\/\/www.chinajumps.com\/wp-content\/uploads\/2025\/07\/\u5fae\u4fe1\u56fe\u7247_2025-06-30_143114_165.jpg\" alt=\"\" width=\"600\" height=\"450\" srcset=\"https:\/\/chinajumps.com\/wp-content\/uploads\/2025\/07\/\u5fae\u4fe1\u56fe\u7247_2025-06-30_143114_165.jpg 600w, https:\/\/chinajumps.com\/wp-content\/uploads\/2025\/07\/\u5fae\u4fe1\u56fe\u7247_2025-06-30_143114_165-300x225.jpg 300w, https:\/\/chinajumps.com\/wp-content\/uploads\/2025\/07\/\u5fae\u4fe1\u56fe\u7247_2025-06-30_143114_165-16x12.jpg 16w\" sizes=\"auto, (max-width: 600px) 100vw, 600px\" \/><\/div>\n<div class=\"ace-line ace-line old-record-id-Wgo0fZuzadf9O8c5fBIcwSybnzC\">Les blocs de saut d'obstacles pour chevaux RDB01 en PVC sont con\u00e7us pour r\u00e9pondre aux divers besoins des diff\u00e9rents groupes d'utilisateurs, ce qui les rend adapt\u00e9s \u00e0 un large \u00e9ventail d'applications. Pour les d\u00e9butants en \u00e9quitation, la hauteur mod\u00e9r\u00e9e et la structure stable du RDB01 contribuent \u00e0 renforcer la confiance. Les cavaliers novices peuvent s'entra\u00eener aux sauts de base sans craindre les obstacles instables, ce qui leur permet de se concentrer sur la ma\u00eetrise de la posture, de l'\u00e9quilibre et de la coordination avec leurs chevaux. Pour les cavaliers avanc\u00e9s, la conception empilable du RDB01 permet de cr\u00e9er des parcours de sauts personnalis\u00e9s qui simulent des d\u00e9fis de niveau comp\u00e9tition, les aidant \u00e0 affiner leur pr\u00e9cision, leur vitesse et leur technique de saut. Les acad\u00e9mies \u00e9questres et les clubs d'\u00e9quitation trouveront le RDB01 particuli\u00e8rement utile pour les s\u00e9ances d'entra\u00eenement en groupe, car sa l\u00e9g\u00e8ret\u00e9 et sa facilit\u00e9 de manipulation permettent aux entra\u00eeneurs d'ajuster rapidement la disposition du parcours en fonction des objectifs d'entra\u00eenement des diff\u00e9rentes classes. En outre, le RDB01 est \u00e9galement un excellent choix pour les comp\u00e9titions \u00e9questres. Son apparence \u00e9l\u00e9gante et professionnelle rehausse l'attrait visuel du site de comp\u00e9tition, tandis que sa conformit\u00e9 aux normes de s\u00e9curit\u00e9 de l'UE garantit qu'il r\u00e9pond aux exigences strictes des comp\u00e9titions officielles, offrant ainsi aux cavaliers un environnement de comp\u00e9tition \u00e9quitable et s\u00fbr.<\/div>\n<div class=\"ace-line ace-line old-record-id-Hs6vfDK4sdonJxcKfbucihZNnUe\">En plus de ses avantages fonctionnels, les blocs de saut d'obstacles RDB01 en PVC offrent \u00e9galement une grande souplesse de personnalisation, ce qui en fait un produit id\u00e9al pour le marquage et la personnalisation des lieux. Nous comprenons que de nombreux clubs d'\u00e9quitation et \u00e9tablissements \u00e9questres ont leur propre identit\u00e9 de marque et leurs propres th\u00e8mes. C'est pourquoi nous proposons des options de couleurs personnalisables pour le RDB01, ce qui vous permet de choisir des couleurs qui correspondent \u00e0 la d\u00e9coration de votre site ou aux couleurs de votre marque. En outre, nous proposons \u00e9galement des services d'impression de logos : vous pouvez faire imprimer le logo, le nom ou d'autres motifs personnalis\u00e9s de votre institution sur les blocs de saut, afin d'am\u00e9liorer la visibilit\u00e9 de la marque et de cr\u00e9er un aspect plus coh\u00e9rent et plus professionnel pour votre site. Ce niveau de personnalisation r\u00e9pond non seulement aux besoins pratiques du site, mais contribue \u00e9galement \u00e0 renforcer la reconnaissance de la marque et la fid\u00e9lit\u00e9 des clients et des cavaliers.<\/div>\n<div><img loading=\"lazy\" decoding=\"async\" class=\"aligncenter wp-image-4228 size-full\" src=\"https:\/\/www.chinajumps.com\/wp-content\/uploads\/2025\/07\/123-scaled.jpg\" alt=\"PVC Horse Jump Blocks for training\" width=\"2560\" height=\"2560\" srcset=\"https:\/\/chinajumps.com\/wp-content\/uploads\/2025\/07\/123-scaled.jpg 2560w, https:\/\/chinajumps.com\/wp-content\/uploads\/2025\/07\/123-300x300.jpg 300w, https:\/\/chinajumps.com\/wp-content\/uploads\/2025\/07\/123-1024x1024.jpg 1024w, https:\/\/chinajumps.com\/wp-content\/uploads\/2025\/07\/123-150x150.jpg 150w, https:\/\/chinajumps.com\/wp-content\/uploads\/2025\/07\/123-768x768.jpg 768w, https:\/\/chinajumps.com\/wp-content\/uploads\/2025\/07\/123-1536x1536.jpg 1536w, https:\/\/chinajumps.com\/wp-content\/uploads\/2025\/07\/123-2048x2048.jpg 2048w, https:\/\/chinajumps.com\/wp-content\/uploads\/2025\/07\/123-12x12.jpg 12w, https:\/\/chinajumps.com\/wp-content\/uploads\/2025\/07\/123-600x600.jpg 600w, https:\/\/chinajumps.com\/wp-content\/uploads\/2025\/07\/123-100x100.jpg 100w\" sizes=\"auto, (max-width: 2560px) 100vw, 2560px\" \/><\/div>\n<div class=\"ace-line ace-line old-record-id-Qg7MfGEbBdE70NctnIfc6moIn1b\">En tant que produit de Reeds\/CHINAJUMPS, un fabricant professionnel sp\u00e9cialis\u00e9 dans les \u00e9quipements \u00e9questres, les blocs de saut d'obstacles pour chevaux RDB01 en PVC sont livr\u00e9s avec l'assurance d'un approvisionnement direct de l'usine et d'un service apr\u00e8s-vente fiable. Nous avons une grande exp\u00e9rience dans la production et la recherche et le d\u00e9veloppement d'\u00e9quipements \u00e9questres, et nous adh\u00e9rons \u00e0 des normes strictes de contr\u00f4le de la qualit\u00e9 tout au long du processus de production, de la s\u00e9lection des mati\u00e8res premi\u00e8res \u00e0 la fabrication, l'assemblage et les tests. En choisissant le RDB01, vous obtenez non seulement un produit de haute qualit\u00e9, mais vous profitez \u00e9galement des avantages de la tarification directe, ce qui permet de r\u00e9duire les co\u00fbts interm\u00e9diaires et d'obtenir des prix plus comp\u00e9titifs. Nous maintenons \u00e9galement un stock suffisant de RDB01 pour assurer une livraison rapide, afin que vous puissiez obtenir l'\u00e9quipement dont vous avez besoin dans les meilleurs d\u00e9lais, que ce soit pour des besoins d'entra\u00eenement urgents ou pour la pr\u00e9paration d'une comp\u00e9tition. Notre \u00e9quipe de professionnels du service apr\u00e8s-vente est toujours pr\u00eate \u00e0 r\u00e9pondre \u00e0 vos questions et \u00e0 vous fournir une assistance technique, afin que vous puissiez utiliser le produit en toute tranquillit\u00e9.<\/div>\n<div class=\"ace-line ace-line old-record-id-R00xfas8MdtVM3cWk1BcVrBNnsd\">Lorsque vous investissez dans les blocs de saut d'obstacles en PVC RDB01, vous investissez dans la s\u00e9curit\u00e9, l'efficacit\u00e9 et le professionnalisme de votre centre d'entra\u00eenement ou de comp\u00e9tition \u00e9questre. Que vous soyez un petit club d'\u00e9quitation, une grande acad\u00e9mie \u00e9questre ou un organisateur d'\u00e9v\u00e9nements, le RDB01 peut r\u00e9pondre \u00e0 vos besoins uniques et apporter une valeur tangible \u00e0 vos op\u00e9rations. Sa conception l\u00e9g\u00e8re permet d'\u00e9conomiser du temps et de la main-d'\u0153uvre, sa construction durable r\u00e9duit les co\u00fbts de remplacement, ses applications polyvalentes s'adaptent \u00e0 diff\u00e9rents niveaux d'entra\u00eenement et ses caract\u00e9ristiques personnalisables renforcent l'image de marque. Sur le march\u00e9 concurrentiel des \u00e9quipements \u00e9questres, le RDB01 s'impose comme un choix fiable, pratique et rentable auquel vous pouvez faire confiance.<\/div>\n<h3>Conclusion :<\/h3>\n<div class=\"ace-line ace-line old-record-id-Fsobft9G6dSqGpcpfn2cEEzTnkg\">En r\u00e9sum\u00e9, les blocs de saut d'obstacles RDB01 en PVC (61x46x39cm, 3kg chacun) constituent un \u00e9quipement de saut d'obstacles \u00e9questre de premier ordre qui allie qualit\u00e9, praticit\u00e9 et flexibilit\u00e9. Avec son mat\u00e9riau PVC de premi\u00e8re qualit\u00e9, son design ergonomique, sa large gamme d'applications, ses caract\u00e9ristiques personnalisables et son service apr\u00e8s-vente fiable, c'est le choix id\u00e9al pour tous ceux qui cherchent \u00e0 am\u00e9liorer leur \u00e9quipement \u00e9questre et \u00e0 am\u00e9liorer leur exp\u00e9rience en mati\u00e8re d'entra\u00eenement ou de comp\u00e9tition.<\/div>\n<\/div>","protected":false},"excerpt":{"rendered":"<p>Overview When it comes to equestrian training, competition preparation, or even the daily operations of riding academies and equestrian clubs, the quality and practicality of training equipment directly affect the effectiveness of training, the safety of riders and horses, and the overall professionalism of the venue. The RDB01 PVC Horse Jump Blocks, meticulously designed and [&hellip;]<\/p>","protected":false},"featured_media":4222,"template":"","meta":{"site-sidebar-layout":"default","site-content-layout":"","ast-site-content-layout":"default","site-content-style":"default","site-sidebar-style":"default","ast-global-header-display":"","ast-banner-title-visibility":"","ast-main-header-display":"","ast-hfb-above-header-display":"","ast-hfb-below-header-display":"","ast-hfb-mobile-header-display":"","site-post-title":"","ast-breadcrumbs-content":"","ast-featured-img":"","footer-sml-layout":"","theme-transparent-header-meta":"default","adv-header-id-meta":"","stick-header-meta":"","header-above-stick-meta":"","header-main-stick-meta":"","header-below-stick-meta":"","astra-migrate-meta-layouts":"set","ast-page-background-enabled":"default","ast-page-background-meta":{"desktop":{"background-color":"","background-image":"","background-repeat":"repeat","background-position":"center center","background-size":"auto","background-attachment":"scroll","background-type":"","background-media":"","overlay-type":"","overlay-color":"","overlay-opacity":"","overlay-gradient":""},"tablet":{"background-color":"","background-image":"","background-repeat":"repeat","background-position":"center center","background-size":"auto","background-attachment":"scroll","background-type":"","background-media":"","overlay-type":"","overlay-color":"","overlay-opacity":"","overlay-gradient":""},"mobile":{"background-color":"","background-image":"","background-repeat":"repeat","background-position":"center center","background-size":"auto","background-attachment":"scroll","background-type":"","background-media":"","overlay-type":"","overlay-color":"","overlay-opacity":"","overlay-gradient":""}},"ast-content-background-meta":{"desktop":{"background-color":"var(--ast-global-color-5)","background-image":"","background-repeat":"repeat","background-position":"center center","background-size":"auto","background-attachment":"scroll","background-type":"","background-media":"","overlay-type":"","overlay-color":"","overlay-opacity":"","overlay-gradient":""},"tablet":{"background-color":"var(--ast-global-color-5)","background-image":"","background-repeat":"repeat","background-position":"center center","background-size":"auto","background-attachment":"scroll","background-type":"","background-media":"","overlay-type":"","overlay-color":"","overlay-opacity":"","overlay-gradient":""},"mobile":{"background-color":"var(--ast-global-color-5)","background-image":"","background-repeat":"repeat","background-position":"center center","background-size":"auto","background-attachment":"scroll","background-type":"","background-media":"","overlay-type":"","overlay-color":"","overlay-opacity":"","overlay-gradient":""}}},"product_brand":[],"product_cat":[80],"product_tag":[],"class_list":{"0":"post-2726","1":"product","2":"type-product","3":"status-publish","4":"has-post-thumbnail","6":"product_cat-show-jumps","7":"desktop-align-center","8":"tablet-align-left","9":"mobile-align-left","11":"first","12":"instock","13":"shipping-taxable","14":"product-type-external"},"_links":{"self":[{"href":"https:\/\/chinajumps.com\/fr\/wp-json\/wp\/v2\/product\/2726","targetHints":{"allow":["GET"]}}],"collection":[{"href":"https:\/\/chinajumps.com\/fr\/wp-json\/wp\/v2\/product"}],"about":[{"href":"https:\/\/chinajumps.com\/fr\/wp-json\/wp\/v2\/types\/product"}],"wp:featuredmedia":[{"embeddable":true,"href":"https:\/\/chinajumps.com\/fr\/wp-json\/wp\/v2\/media\/4222"}],"wp:attachment":[{"href":"https:\/\/chinajumps.com\/fr\/wp-json\/wp\/v2\/media?parent=2726"}],"wp:term":[{"taxonomy":"product_brand","embeddable":true,"href":"https:\/\/chinajumps.com\/fr\/wp-json\/wp\/v2\/product_brand?post=2726"},{"taxonomy":"product_cat","embeddable":true,"href":"https:\/\/chinajumps.com\/fr\/wp-json\/wp\/v2\/product_cat?post=2726"},{"taxonomy":"product_tag","embeddable":true,"href":"https:\/\/chinajumps.com\/fr\/wp-json\/wp\/v2\/product_tag?post=2726"}],"curies":[{"name":"wp","href":"https:\/\/api.w.org\/{rel}","templated":true}]}}